{"id":1975,"date":"2020-12-23T16:28:15","date_gmt":"2020-12-23T15:28:15","guid":{"rendered":"https:\/\/www.phyto-haircare.ch\/produit\/phytovolume\/"},"modified":"2020-12-23T16:28:21","modified_gmt":"2020-12-23T15:28:21","slug":"phytovolume-masque-gelee-volumateur","status":"publish","type":"product","link":"https:\/\/www.phyto-haircare.ch\/de\/produit\/phytovolume-masque-gelee-volumateur\/","title":{"rendered":"PHYTOVOLUME Masque Gel\u00e9e Volumateur"},"content":{"rendered":"<p>PHYTOVOLUME, la gamme de soins qui apporte corps et \u00e9nergie aux cheveux fins et plats.<br \/>\nPour celles qui souhaitent obtenir un \u00ab volume coiffeur \u00bb \u00e0 la maison, sans avoir \u00e0 couper leurs cheveux s\u2019ils sont longs.<br \/>\nPHYTO cr\u00e9e son 1er soin \u00e0 rincer transparent : un Masque en gel\u00e9e \u00e0 la texture ultra-l\u00e9g\u00e8re et fondante.<br \/>\nCette gel\u00e9e translucide ambr\u00e9e, d\u2019un fondant incroyable, a \u00e9t\u00e9 sp\u00e9cifiquement con\u00e7ue pour d\u00e9livrer la juste dose de soin sans alourdir les cheveux fins et plats. Les cheveux reprennent forme, ils gagnent en souplesse et en ressort.<\/p>\n<p>Les + :Gaine les longueurs sans les alourdir<br \/>\nFacilite le d\u00e9m\u00ealage<\/p>\n","protected":false},"excerpt":{"rendered":"<p>PHYTOVOLUME, la gamme de soins qui apporte corps et \u00e9nergie aux cheveux fins et plats.<br \/>\nPour celles qui souhaitent obtenir un \u00ab volume coiffeur \u00bb \u00e0 la maison, sans avoir \u00e0 couper leurs cheveux s\u2019ils sont longs.<br \/>\nPHYTO cr\u00e9e son 1er soin \u00e0 rincer transparent : un Masque en gel\u00e9e \u00e0 la texture ultra-l\u00e9g\u00e8re et fondante.<br \/>\nCette gel\u00e9e translucide ambr\u00e9e, d\u2019un fondant incroyable, a \u00e9t\u00e9 sp\u00e9cifiquement con\u00e7ue pour d\u00e9livrer la juste dose de soin sans alourdir les cheveux fins et plats. Les cheveux reprennent forme, ils gagnent en souplesse et en ressort.<\/p>\n<p>Les + :Gaine les longueurs sans les alourdir<br \/>\nFacilite le d\u00e9m\u00ealage<\/p>\n","protected":false},"featured_media":1818,"template":"","meta":{"_acf_changed":false},"product_brand":[],"product_cat":[19],"product_tag":[],"class_list":{"0":"post-1975","1":"product","2":"type-product","3":"status-publish","4":"has-post-thumbnail","6":"product_cat-soins-de-beaute","7":"tax_need-volume","8":"tax_hair_type-cheveux-fins","9":"tax_product_type-apres-shampooing-et-masque","11":"first","12":"instock","13":"product-type-simple"},"acf":[],"yoast_head":"<!-- This site is optimized with the Yoast SEO plugin v25.6 - https:\/\/yoast.com\/wordpress\/plugins\/seo\/ -->\n<title>PHYTOVOLUME Masque Gel\u00e9e Volumateur - Phyto<\/title>\n<meta name=\"description\" content=\"PHYTOVOLUME, la gamme de soins qui apporte corps et \u00e9nergie aux cheveux fins et plats. Pour celles qui souhaitent obtenir un \u00ab volume coiffeur \u00bb \u00e0 la ...\" \/>\n<meta name=\"robots\" content=\"index, follow, max-snippet:-1, max-image-preview:large, max-video-preview:-1\" \/>\n<link rel=\"canonical\" href=\"https:\/\/www.phyto-haircare.ch\/produit\/phytovolume-masque-gelee-volumateur\/\" \/>\n<meta property=\"og:locale\" content=\"de_DE\" \/>\n<meta property=\"og:type\" content=\"article\" \/>\n<meta property=\"og:title\" content=\"PHYTOVOLUME Masque Gel\u00e9e Volumateur - Phyto\" \/>\n<meta property=\"og:description\" content=\"PHYTOVOLUME, la gamme de soins qui apporte corps et \u00e9nergie aux cheveux fins et plats. Pour celles qui souhaitent obtenir un \u00ab volume coiffeur \u00bb \u00e0 la ...\" \/>\n<meta property=\"og:url\" content=\"https:\/\/www.phyto-haircare.ch\/produit\/phytovolume-masque-gelee-volumateur\/\" \/>\n<meta property=\"og:site_name\" content=\"Phyto\" \/>\n<meta property=\"article:modified_time\" content=\"2020-12-23T15:28:21+00:00\" \/>\n<meta property=\"og:image\" content=\"https:\/\/www.phyto-haircare.ch\/wp-content\/uploads\/2020\/12\/5db83afa34abe_phytovolume_masque_volumateur_reflet.jpg\" \/>\n\t<meta property=\"og:image:width\" content=\"1024\" \/>\n\t<meta property=\"og:image:height\" content=\"1024\" \/>\n\t<meta property=\"og:image:type\" content=\"image\/jpeg\" \/>\n<meta name=\"twitter:card\" content=\"summary_large_image\" \/>\n<meta name=\"twitter:label1\" content=\"Gesch\u00e4tzte Lesezeit\" \/>\n\t<meta name=\"twitter:data1\" content=\"1\u00a0Minute\" \/>\n<script type=\"application\/ld+json\" class=\"yoast-schema-graph\">{\"@context\":\"https:\/\/schema.org\",\"@graph\":[{\"@type\":\"WebPage\",\"@id\":\"https:\/\/www.phyto-haircare.ch\/produit\/phytovolume-masque-gelee-volumateur\/\",\"url\":\"https:\/\/www.phyto-haircare.ch\/produit\/phytovolume-masque-gelee-volumateur\/\",\"name\":\"PHYTOVOLUME Masque Gel\u00e9e Volumateur - Phyto\",\"isPartOf\":{\"@id\":\"https:\/\/www.phyto-haircare.ch\/#website\"},\"primaryImageOfPage\":{\"@id\":\"https:\/\/www.phyto-haircare.ch\/produit\/phytovolume-masque-gelee-volumateur\/#primaryimage\"},\"image\":{\"@id\":\"https:\/\/www.phyto-haircare.ch\/produit\/phytovolume-masque-gelee-volumateur\/#primaryimage\"},\"thumbnailUrl\":\"https:\/\/www.phyto-haircare.ch\/wp-content\/uploads\/2020\/12\/5db83afa34abe_phytovolume_masque_volumateur_reflet.jpg\",\"datePublished\":\"2020-12-23T15:28:15+00:00\",\"dateModified\":\"2020-12-23T15:28:21+00:00\",\"description\":\"PHYTOVOLUME, la gamme de soins qui apporte corps et \u00e9nergie aux cheveux fins et plats. Pour celles qui souhaitent obtenir un \u00ab volume coiffeur \u00bb \u00e0 la ...\",\"breadcrumb\":{\"@id\":\"https:\/\/www.phyto-haircare.ch\/produit\/phytovolume-masque-gelee-volumateur\/#breadcrumb\"},\"inLanguage\":\"de\",\"potentialAction\":[{\"@type\":\"ReadAction\",\"target\":[\"https:\/\/www.phyto-haircare.ch\/produit\/phytovolume-masque-gelee-volumateur\/\"]}]},{\"@type\":\"ImageObject\",\"inLanguage\":\"de\",\"@id\":\"https:\/\/www.phyto-haircare.ch\/produit\/phytovolume-masque-gelee-volumateur\/#primaryimage\",\"url\":\"https:\/\/www.phyto-haircare.ch\/wp-content\/uploads\/2020\/12\/5db83afa34abe_phytovolume_masque_volumateur_reflet.jpg\",\"contentUrl\":\"https:\/\/www.phyto-haircare.ch\/wp-content\/uploads\/2020\/12\/5db83afa34abe_phytovolume_masque_volumateur_reflet.jpg\",\"width\":1024,\"height\":1024},{\"@type\":\"BreadcrumbList\",\"@id\":\"https:\/\/www.phyto-haircare.ch\/produit\/phytovolume-masque-gelee-volumateur\/#breadcrumb\",\"itemListElement\":[{\"@type\":\"ListItem\",\"position\":1,\"name\":\"Accueil\",\"item\":\"https:\/\/www.phyto-haircare.ch\/de\/\"},{\"@type\":\"ListItem\",\"position\":2,\"name\":\"PHYTOVOLUME Masque Gel\u00e9e Volumateur\"}]},{\"@type\":\"WebSite\",\"@id\":\"https:\/\/www.phyto-haircare.ch\/#website\",\"url\":\"https:\/\/www.phyto-haircare.ch\/\",\"name\":\"Phyto\",\"description\":\"La puissance v\u00e9g\u00e9tale\",\"potentialAction\":[{\"@type\":\"SearchAction\",\"target\":{\"@type\":\"EntryPoint\",\"urlTemplate\":\"https:\/\/www.phyto-haircare.ch\/?s={search_term_string}\"},\"query-input\":{\"@type\":\"PropertyValueSpecification\",\"valueRequired\":true,\"valueName\":\"search_term_string\"}}],\"inLanguage\":\"de\"}]}<\/script>\n<!-- \/ Yoast SEO plugin. -->","yoast_head_json":{"title":"PHYTOVOLUME Masque Gel\u00e9e Volumateur - Phyto","description":"PHYTOVOLUME, la gamme de soins qui apporte corps et \u00e9nergie aux cheveux fins et plats. Pour celles qui souhaitent obtenir un \u00ab volume coiffeur \u00bb \u00e0 la ...","robots":{"index":"index","follow":"follow","max-snippet":"max-snippet:-1","max-image-preview":"max-image-preview:large","max-video-preview":"max-video-preview:-1"},"canonical":"https:\/\/www.phyto-haircare.ch\/produit\/phytovolume-masque-gelee-volumateur\/","og_locale":"de_DE","og_type":"article","og_title":"PHYTOVOLUME Masque Gel\u00e9e Volumateur - Phyto","og_description":"PHYTOVOLUME, la gamme de soins qui apporte corps et \u00e9nergie aux cheveux fins et plats. Pour celles qui souhaitent obtenir un \u00ab volume coiffeur \u00bb \u00e0 la ...","og_url":"https:\/\/www.phyto-haircare.ch\/produit\/phytovolume-masque-gelee-volumateur\/","og_site_name":"Phyto","article_modified_time":"2020-12-23T15:28:21+00:00","og_image":[{"width":1024,"height":1024,"url":"https:\/\/www.phyto-haircare.ch\/wp-content\/uploads\/2020\/12\/5db83afa34abe_phytovolume_masque_volumateur_reflet.jpg","type":"image\/jpeg"}],"twitter_card":"summary_large_image","twitter_misc":{"Gesch\u00e4tzte Lesezeit":"1\u00a0Minute"},"schema":{"@context":"https:\/\/schema.org","@graph":[{"@type":"WebPage","@id":"https:\/\/www.phyto-haircare.ch\/produit\/phytovolume-masque-gelee-volumateur\/","url":"https:\/\/www.phyto-haircare.ch\/produit\/phytovolume-masque-gelee-volumateur\/","name":"PHYTOVOLUME Masque Gel\u00e9e Volumateur - Phyto","isPartOf":{"@id":"https:\/\/www.phyto-haircare.ch\/#website"},"primaryImageOfPage":{"@id":"https:\/\/www.phyto-haircare.ch\/produit\/phytovolume-masque-gelee-volumateur\/#primaryimage"},"image":{"@id":"https:\/\/www.phyto-haircare.ch\/produit\/phytovolume-masque-gelee-volumateur\/#primaryimage"},"thumbnailUrl":"https:\/\/www.phyto-haircare.ch\/wp-content\/uploads\/2020\/12\/5db83afa34abe_phytovolume_masque_volumateur_reflet.jpg","datePublished":"2020-12-23T15:28:15+00:00","dateModified":"2020-12-23T15:28:21+00:00","description":"PHYTOVOLUME, la gamme de soins qui apporte corps et \u00e9nergie aux cheveux fins et plats. Pour celles qui souhaitent obtenir un \u00ab volume coiffeur \u00bb \u00e0 la ...","breadcrumb":{"@id":"https:\/\/www.phyto-haircare.ch\/produit\/phytovolume-masque-gelee-volumateur\/#breadcrumb"},"inLanguage":"de","potentialAction":[{"@type":"ReadAction","target":["https:\/\/www.phyto-haircare.ch\/produit\/phytovolume-masque-gelee-volumateur\/"]}]},{"@type":"ImageObject","inLanguage":"de","@id":"https:\/\/www.phyto-haircare.ch\/produit\/phytovolume-masque-gelee-volumateur\/#primaryimage","url":"https:\/\/www.phyto-haircare.ch\/wp-content\/uploads\/2020\/12\/5db83afa34abe_phytovolume_masque_volumateur_reflet.jpg","contentUrl":"https:\/\/www.phyto-haircare.ch\/wp-content\/uploads\/2020\/12\/5db83afa34abe_phytovolume_masque_volumateur_reflet.jpg","width":1024,"height":1024},{"@type":"BreadcrumbList","@id":"https:\/\/www.phyto-haircare.ch\/produit\/phytovolume-masque-gelee-volumateur\/#breadcrumb","itemListElement":[{"@type":"ListItem","position":1,"name":"Accueil","item":"https:\/\/www.phyto-haircare.ch\/de\/"},{"@type":"ListItem","position":2,"name":"PHYTOVOLUME Masque Gel\u00e9e Volumateur"}]},{"@type":"WebSite","@id":"https:\/\/www.phyto-haircare.ch\/#website","url":"https:\/\/www.phyto-haircare.ch\/","name":"Phyto","description":"La puissance v\u00e9g\u00e9tale","potentialAction":[{"@type":"SearchAction","target":{"@type":"EntryPoint","urlTemplate":"https:\/\/www.phyto-haircare.ch\/?s={search_term_string}"},"query-input":{"@type":"PropertyValueSpecification","valueRequired":true,"valueName":"search_term_string"}}],"inLanguage":"de"}]}},"_links":{"self":[{"href":"https:\/\/www.phyto-haircare.ch\/de\/wp-json\/wp\/v2\/product\/1975"}],"collection":[{"href":"https:\/\/www.phyto-haircare.ch\/de\/wp-json\/wp\/v2\/product"}],"about":[{"href":"https:\/\/www.phyto-haircare.ch\/de\/wp-json\/wp\/v2\/types\/product"}],"wp:featuredmedia":[{"embeddable":true,"href":"https:\/\/www.phyto-haircare.ch\/de\/wp-json\/wp\/v2\/media\/1818"}],"wp:attachment":[{"href":"https:\/\/www.phyto-haircare.ch\/de\/wp-json\/wp\/v2\/media?parent=1975"}],"wp:term":[{"taxonomy":"product_brand","embeddable":true,"href":"https:\/\/www.phyto-haircare.ch\/de\/wp-json\/wp\/v2\/product_brand?post=1975"},{"taxonomy":"product_cat","embeddable":true,"href":"https:\/\/www.phyto-haircare.ch\/de\/wp-json\/wp\/v2\/product_cat?post=1975"},{"taxonomy":"product_tag","embeddable":true,"href":"https:\/\/www.phyto-haircare.ch\/de\/wp-json\/wp\/v2\/product_tag?post=1975"}],"curies":[{"name":"wp","href":"https:\/\/api.w.org\/{rel}","templated":true}]}}