{"id":1976,"date":"2020-12-23T16:28:15","date_gmt":"2020-12-23T15:28:15","guid":{"rendered":"https:\/\/www.phyto-haircare.ch\/produit\/phytoprogenium\/"},"modified":"2020-12-23T16:28:22","modified_gmt":"2020-12-23T15:28:22","slug":"phytoprogenium-shampooing-douceur-extreme","status":"publish","type":"product","link":"https:\/\/www.phyto-haircare.ch\/de\/produit\/phytoprogenium-shampooing-douceur-extreme\/","title":{"rendered":"PHYTOPROGENIUM Shampooing Douceur Extr\u00eame"},"content":{"rendered":"<p>PHYTOPROGENIUM, inspir\u00e9 du g\u00e9nie des plantes, la routine de soins ultra-douce pour pr\u00e9server l\u2019\u00e9quilibre du cuir chevelu et embellir tous les types de cheveux.<\/p>\n<p>Ce shampooing doux aux pr\u00e9biotiques intelligents pr\u00e9serve et maintient l\u2019\u00e9quilibre du cuir chevelu au quotidien. Enrichi en lait d\u2019Avoine adoucissant, il allie protection et extr\u00eame douceur.<br \/>\n250ml<\/p>\n","protected":false},"excerpt":{"rendered":"<p>PHYTOPROGENIUM, inspir\u00e9 du g\u00e9nie des plantes, la routine de soins ultra-douce pour pr\u00e9server l\u2019\u00e9quilibre du cuir chevelu et embellir tous les types de cheveux.<\/p>\n<p>Ce shampooing doux aux pr\u00e9biotiques intelligents pr\u00e9serve et maintient l\u2019\u00e9quilibre du cuir chevelu au quotidien. Enrichi en lait d\u2019Avoine adoucissant, il allie protection et extr\u00eame douceur.<br \/>\n250ml<\/p>\n","protected":false},"featured_media":1820,"template":"","meta":{"_acf_changed":false},"product_brand":[],"product_cat":[19],"product_tag":[],"class_list":{"0":"post-1976","1":"product","2":"type-product","3":"status-publish","4":"has-post-thumbnail","6":"product_cat-soins-de-beaute","7":"tax_need-hydratation","8":"tax_product_type-shampooing-et-soin-lavant","10":"first","11":"instock","12":"product-type-simple"},"acf":[],"yoast_head":"<!-- This site is optimized with the Yoast SEO plugin v25.6 - https:\/\/yoast.com\/wordpress\/plugins\/seo\/ -->\n<title>PHYTOPROGENIUM Shampooing Douceur Extr\u00eame - Phyto<\/title>\n<meta name=\"description\" content=\"PHYTOPROGENIUM, inspir\u00e9 du g\u00e9nie des plantes, la routine de soins ultra-douce pour pr\u00e9server l\u2019\u00e9quilibre du cuir chevelu et embellir tous les types de ...\" \/>\n<meta name=\"robots\" content=\"index, follow, max-snippet:-1, max-image-preview:large, max-video-preview:-1\" \/>\n<link rel=\"canonical\" href=\"https:\/\/www.phyto-haircare.ch\/produit\/phytoprogenium-shampooing-douceur-extreme\/\" \/>\n<meta property=\"og:locale\" content=\"de_DE\" \/>\n<meta property=\"og:type\" content=\"article\" \/>\n<meta property=\"og:title\" content=\"PHYTOPROGENIUM Shampooing Douceur Extr\u00eame - Phyto\" \/>\n<meta property=\"og:description\" content=\"PHYTOPROGENIUM, inspir\u00e9 du g\u00e9nie des plantes, la routine de soins ultra-douce pour pr\u00e9server l\u2019\u00e9quilibre du cuir chevelu et embellir tous les types de ...\" \/>\n<meta property=\"og:url\" content=\"https:\/\/www.phyto-haircare.ch\/produit\/phytoprogenium-shampooing-douceur-extreme\/\" \/>\n<meta property=\"og:site_name\" content=\"Phyto\" \/>\n<meta property=\"article:modified_time\" content=\"2020-12-23T15:28:22+00:00\" \/>\n<meta property=\"og:image\" content=\"https:\/\/www.phyto-haircare.ch\/wp-content\/uploads\/2020\/12\/5d4801404fb5d_phytoprogenium_shampooing_douceur_extreme.png\" \/>\n\t<meta property=\"og:image:width\" content=\"1024\" \/>\n\t<meta property=\"og:image:height\" content=\"1024\" \/>\n\t<meta property=\"og:image:type\" content=\"image\/png\" \/>\n<meta name=\"twitter:card\" content=\"summary_large_image\" \/>\n<script type=\"application\/ld+json\" class=\"yoast-schema-graph\">{\"@context\":\"https:\/\/schema.org\",\"@graph\":[{\"@type\":\"WebPage\",\"@id\":\"https:\/\/www.phyto-haircare.ch\/produit\/phytoprogenium-shampooing-douceur-extreme\/\",\"url\":\"https:\/\/www.phyto-haircare.ch\/produit\/phytoprogenium-shampooing-douceur-extreme\/\",\"name\":\"PHYTOPROGENIUM Shampooing Douceur Extr\u00eame - Phyto\",\"isPartOf\":{\"@id\":\"https:\/\/www.phyto-haircare.ch\/#website\"},\"primaryImageOfPage\":{\"@id\":\"https:\/\/www.phyto-haircare.ch\/produit\/phytoprogenium-shampooing-douceur-extreme\/#primaryimage\"},\"image\":{\"@id\":\"https:\/\/www.phyto-haircare.ch\/produit\/phytoprogenium-shampooing-douceur-extreme\/#primaryimage\"},\"thumbnailUrl\":\"https:\/\/www.phyto-haircare.ch\/wp-content\/uploads\/2020\/12\/5d4801404fb5d_phytoprogenium_shampooing_douceur_extreme.png\",\"datePublished\":\"2020-12-23T15:28:15+00:00\",\"dateModified\":\"2020-12-23T15:28:22+00:00\",\"description\":\"PHYTOPROGENIUM, inspir\u00e9 du g\u00e9nie des plantes, la routine de soins ultra-douce pour pr\u00e9server l\u2019\u00e9quilibre du cuir chevelu et embellir tous les types de ...\",\"breadcrumb\":{\"@id\":\"https:\/\/www.phyto-haircare.ch\/produit\/phytoprogenium-shampooing-douceur-extreme\/#breadcrumb\"},\"inLanguage\":\"de\",\"potentialAction\":[{\"@type\":\"ReadAction\",\"target\":[\"https:\/\/www.phyto-haircare.ch\/produit\/phytoprogenium-shampooing-douceur-extreme\/\"]}]},{\"@type\":\"ImageObject\",\"inLanguage\":\"de\",\"@id\":\"https:\/\/www.phyto-haircare.ch\/produit\/phytoprogenium-shampooing-douceur-extreme\/#primaryimage\",\"url\":\"https:\/\/www.phyto-haircare.ch\/wp-content\/uploads\/2020\/12\/5d4801404fb5d_phytoprogenium_shampooing_douceur_extreme.png\",\"contentUrl\":\"https:\/\/www.phyto-haircare.ch\/wp-content\/uploads\/2020\/12\/5d4801404fb5d_phytoprogenium_shampooing_douceur_extreme.png\",\"width\":1024,\"height\":1024},{\"@type\":\"BreadcrumbList\",\"@id\":\"https:\/\/www.phyto-haircare.ch\/produit\/phytoprogenium-shampooing-douceur-extreme\/#breadcrumb\",\"itemListElement\":[{\"@type\":\"ListItem\",\"position\":1,\"name\":\"Accueil\",\"item\":\"https:\/\/www.phyto-haircare.ch\/de\/\"},{\"@type\":\"ListItem\",\"position\":2,\"name\":\"PHYTOPROGENIUM Shampooing Douceur Extr\u00eame\"}]},{\"@type\":\"WebSite\",\"@id\":\"https:\/\/www.phyto-haircare.ch\/#website\",\"url\":\"https:\/\/www.phyto-haircare.ch\/\",\"name\":\"Phyto\",\"description\":\"La puissance v\u00e9g\u00e9tale\",\"potentialAction\":[{\"@type\":\"SearchAction\",\"target\":{\"@type\":\"EntryPoint\",\"urlTemplate\":\"https:\/\/www.phyto-haircare.ch\/?s={search_term_string}\"},\"query-input\":{\"@type\":\"PropertyValueSpecification\",\"valueRequired\":true,\"valueName\":\"search_term_string\"}}],\"inLanguage\":\"de\"}]}<\/script>\n<!-- \/ Yoast SEO plugin. -->","yoast_head_json":{"title":"PHYTOPROGENIUM Shampooing Douceur Extr\u00eame - Phyto","description":"PHYTOPROGENIUM, inspir\u00e9 du g\u00e9nie des plantes, la routine de soins ultra-douce pour pr\u00e9server l\u2019\u00e9quilibre du cuir chevelu et embellir tous les types de ...","robots":{"index":"index","follow":"follow","max-snippet":"max-snippet:-1","max-image-preview":"max-image-preview:large","max-video-preview":"max-video-preview:-1"},"canonical":"https:\/\/www.phyto-haircare.ch\/produit\/phytoprogenium-shampooing-douceur-extreme\/","og_locale":"de_DE","og_type":"article","og_title":"PHYTOPROGENIUM Shampooing Douceur Extr\u00eame - Phyto","og_description":"PHYTOPROGENIUM, inspir\u00e9 du g\u00e9nie des plantes, la routine de soins ultra-douce pour pr\u00e9server l\u2019\u00e9quilibre du cuir chevelu et embellir tous les types de ...","og_url":"https:\/\/www.phyto-haircare.ch\/produit\/phytoprogenium-shampooing-douceur-extreme\/","og_site_name":"Phyto","article_modified_time":"2020-12-23T15:28:22+00:00","og_image":[{"width":1024,"height":1024,"url":"https:\/\/www.phyto-haircare.ch\/wp-content\/uploads\/2020\/12\/5d4801404fb5d_phytoprogenium_shampooing_douceur_extreme.png","type":"image\/png"}],"twitter_card":"summary_large_image","schema":{"@context":"https:\/\/schema.org","@graph":[{"@type":"WebPage","@id":"https:\/\/www.phyto-haircare.ch\/produit\/phytoprogenium-shampooing-douceur-extreme\/","url":"https:\/\/www.phyto-haircare.ch\/produit\/phytoprogenium-shampooing-douceur-extreme\/","name":"PHYTOPROGENIUM Shampooing Douceur Extr\u00eame - Phyto","isPartOf":{"@id":"https:\/\/www.phyto-haircare.ch\/#website"},"primaryImageOfPage":{"@id":"https:\/\/www.phyto-haircare.ch\/produit\/phytoprogenium-shampooing-douceur-extreme\/#primaryimage"},"image":{"@id":"https:\/\/www.phyto-haircare.ch\/produit\/phytoprogenium-shampooing-douceur-extreme\/#primaryimage"},"thumbnailUrl":"https:\/\/www.phyto-haircare.ch\/wp-content\/uploads\/2020\/12\/5d4801404fb5d_phytoprogenium_shampooing_douceur_extreme.png","datePublished":"2020-12-23T15:28:15+00:00","dateModified":"2020-12-23T15:28:22+00:00","description":"PHYTOPROGENIUM, inspir\u00e9 du g\u00e9nie des plantes, la routine de soins ultra-douce pour pr\u00e9server l\u2019\u00e9quilibre du cuir chevelu et embellir tous les types de ...","breadcrumb":{"@id":"https:\/\/www.phyto-haircare.ch\/produit\/phytoprogenium-shampooing-douceur-extreme\/#breadcrumb"},"inLanguage":"de","potentialAction":[{"@type":"ReadAction","target":["https:\/\/www.phyto-haircare.ch\/produit\/phytoprogenium-shampooing-douceur-extreme\/"]}]},{"@type":"ImageObject","inLanguage":"de","@id":"https:\/\/www.phyto-haircare.ch\/produit\/phytoprogenium-shampooing-douceur-extreme\/#primaryimage","url":"https:\/\/www.phyto-haircare.ch\/wp-content\/uploads\/2020\/12\/5d4801404fb5d_phytoprogenium_shampooing_douceur_extreme.png","contentUrl":"https:\/\/www.phyto-haircare.ch\/wp-content\/uploads\/2020\/12\/5d4801404fb5d_phytoprogenium_shampooing_douceur_extreme.png","width":1024,"height":1024},{"@type":"BreadcrumbList","@id":"https:\/\/www.phyto-haircare.ch\/produit\/phytoprogenium-shampooing-douceur-extreme\/#breadcrumb","itemListElement":[{"@type":"ListItem","position":1,"name":"Accueil","item":"https:\/\/www.phyto-haircare.ch\/de\/"},{"@type":"ListItem","position":2,"name":"PHYTOPROGENIUM Shampooing Douceur Extr\u00eame"}]},{"@type":"WebSite","@id":"https:\/\/www.phyto-haircare.ch\/#website","url":"https:\/\/www.phyto-haircare.ch\/","name":"Phyto","description":"La puissance v\u00e9g\u00e9tale","potentialAction":[{"@type":"SearchAction","target":{"@type":"EntryPoint","urlTemplate":"https:\/\/www.phyto-haircare.ch\/?s={search_term_string}"},"query-input":{"@type":"PropertyValueSpecification","valueRequired":true,"valueName":"search_term_string"}}],"inLanguage":"de"}]}},"_links":{"self":[{"href":"https:\/\/www.phyto-haircare.ch\/de\/wp-json\/wp\/v2\/product\/1976"}],"collection":[{"href":"https:\/\/www.phyto-haircare.ch\/de\/wp-json\/wp\/v2\/product"}],"about":[{"href":"https:\/\/www.phyto-haircare.ch\/de\/wp-json\/wp\/v2\/types\/product"}],"wp:featuredmedia":[{"embeddable":true,"href":"https:\/\/www.phyto-haircare.ch\/de\/wp-json\/wp\/v2\/media\/1820"}],"wp:attachment":[{"href":"https:\/\/www.phyto-haircare.ch\/de\/wp-json\/wp\/v2\/media?parent=1976"}],"wp:term":[{"taxonomy":"product_brand","embeddable":true,"href":"https:\/\/www.phyto-haircare.ch\/de\/wp-json\/wp\/v2\/product_brand?post=1976"},{"taxonomy":"product_cat","embeddable":true,"href":"https:\/\/www.phyto-haircare.ch\/de\/wp-json\/wp\/v2\/product_cat?post=1976"},{"taxonomy":"product_tag","embeddable":true,"href":"https:\/\/www.phyto-haircare.ch\/de\/wp-json\/wp\/v2\/product_tag?post=1976"}],"curies":[{"name":"wp","href":"https:\/\/api.w.org\/{rel}","templated":true}]}}