{"id":1981,"date":"2020-12-23T16:28:15","date_gmt":"2020-12-23T15:28:15","guid":{"rendered":"https:\/\/www.phyto-haircare.ch\/produit\/phytoplage\/"},"modified":"2020-12-23T16:28:27","modified_gmt":"2020-12-23T15:28:27","slug":"phytoplage-huile-protectrice-loriginale","status":"publish","type":"product","link":"https:\/\/www.phyto-haircare.ch\/de\/produit\/phytoplage-huile-protectrice-loriginale\/","title":{"rendered":"PHYTOPLAGE Huile protectrice &#8222;L&#8217;originale"},"content":{"rendered":"<p>L\u2019originale depuis 1974, quelques \u00ab pschitt \u00bb suffisent pour prot\u00e9ger vos cheveux expos\u00e9s au soleil, au sel de mer, au chlore de la piscine, et pr\u00e9server votre couleur. Effet wet look garanti !\u00a0<br \/>\nCette huile g\u00e9n\u00e9reuse prot\u00e8ge les cheveux expos\u00e9s au soleil, \u00e0 la mer et \u00e0 la piscine. Plus qu\u2019une protection, un vrai soin embellisseur qui nourrit la fibre capillaire et apporte une brillance &#8222;&#8220;wet-look&#8220;&#8220;. Contient un filtre UV. Parfum fruit\u00e9 estival.<\/p>\n","protected":false},"excerpt":{"rendered":"<p>L\u2019originale depuis 1974, quelques \u00ab pschitt \u00bb suffisent pour prot\u00e9ger vos cheveux expos\u00e9s au soleil, au sel de mer, au chlore de la piscine, et pr\u00e9server votre couleur. Effet wet look garanti !\u00a0<br \/>\nCette huile g\u00e9n\u00e9reuse prot\u00e8ge les cheveux expos\u00e9s au soleil, \u00e0 la mer et \u00e0 la piscine. Plus qu\u2019une protection, un vrai soin embellisseur qui nourrit la fibre capillaire et apporte une brillance &#8222;&#8220;wet-look&#8220;&#8220;. Contient un filtre UV. Parfum fruit\u00e9 estival.<\/p>\n","protected":false},"featured_media":1830,"template":"","meta":{"_acf_changed":false},"product_brand":[],"product_cat":[20],"product_tag":[],"class_list":{"0":"post-1981","1":"product","2":"type-product","3":"status-publish","4":"has-post-thumbnail","6":"product_cat-soins-solaires","7":"tax_need-proteger","8":"tax_hair_type-cheveux-abimes-et-cassants","9":"tax_hair_type-cheveux-secs-et-ultra-secs","10":"tax_product_type-huile","12":"first","13":"instock","14":"product-type-simple"},"acf":[],"yoast_head":"<!-- This site is optimized with the Yoast SEO plugin v25.6 - https:\/\/yoast.com\/wordpress\/plugins\/seo\/ -->\n<title>PHYTOPLAGE Huile protectrice &quot;L&#039;originale - Phyto<\/title>\n<meta name=\"description\" content=\"L\u2019originale depuis 1974, quelques \u00ab pschitt \u00bb suffisent pour prot\u00e9ger vos cheveux expos\u00e9s au soleil, au sel de mer, au chlore de la piscine, et ...\" \/>\n<meta name=\"robots\" content=\"index, follow, max-snippet:-1, max-image-preview:large, max-video-preview:-1\" \/>\n<link rel=\"canonical\" href=\"https:\/\/www.phyto-haircare.ch\/produit\/phytoplage-huile-protectrice-loriginale\/\" \/>\n<meta property=\"og:locale\" content=\"de_DE\" \/>\n<meta property=\"og:type\" content=\"article\" \/>\n<meta property=\"og:title\" content=\"PHYTOPLAGE Huile protectrice &quot;L&#039;originale - Phyto\" \/>\n<meta property=\"og:description\" content=\"L\u2019originale depuis 1974, quelques \u00ab pschitt \u00bb suffisent pour prot\u00e9ger vos cheveux expos\u00e9s au soleil, au sel de mer, au chlore de la piscine, et ...\" \/>\n<meta property=\"og:url\" content=\"https:\/\/www.phyto-haircare.ch\/produit\/phytoplage-huile-protectrice-loriginale\/\" \/>\n<meta property=\"og:site_name\" content=\"Phyto\" \/>\n<meta property=\"article:modified_time\" content=\"2020-12-23T15:28:27+00:00\" \/>\n<meta property=\"og:image\" content=\"https:\/\/www.phyto-haircare.ch\/wp-content\/uploads\/2020\/12\/5ef1e74aa8bcb_huile_protectrice_phytoplage_reflet.jpg\" \/>\n\t<meta property=\"og:image:width\" content=\"1024\" \/>\n\t<meta property=\"og:image:height\" content=\"1024\" \/>\n\t<meta property=\"og:image:type\" content=\"image\/jpeg\" \/>\n<meta name=\"twitter:card\" content=\"summary_large_image\" \/>\n<script type=\"application\/ld+json\" class=\"yoast-schema-graph\">{\"@context\":\"https:\/\/schema.org\",\"@graph\":[{\"@type\":\"WebPage\",\"@id\":\"https:\/\/www.phyto-haircare.ch\/produit\/phytoplage-huile-protectrice-loriginale\/\",\"url\":\"https:\/\/www.phyto-haircare.ch\/produit\/phytoplage-huile-protectrice-loriginale\/\",\"name\":\"PHYTOPLAGE Huile protectrice \\\"L'originale - Phyto\",\"isPartOf\":{\"@id\":\"https:\/\/www.phyto-haircare.ch\/#website\"},\"primaryImageOfPage\":{\"@id\":\"https:\/\/www.phyto-haircare.ch\/produit\/phytoplage-huile-protectrice-loriginale\/#primaryimage\"},\"image\":{\"@id\":\"https:\/\/www.phyto-haircare.ch\/produit\/phytoplage-huile-protectrice-loriginale\/#primaryimage\"},\"thumbnailUrl\":\"https:\/\/www.phyto-haircare.ch\/wp-content\/uploads\/2020\/12\/5ef1e74aa8bcb_huile_protectrice_phytoplage_reflet.jpg\",\"datePublished\":\"2020-12-23T15:28:15+00:00\",\"dateModified\":\"2020-12-23T15:28:27+00:00\",\"description\":\"L\u2019originale depuis 1974, quelques \u00ab pschitt \u00bb suffisent pour prot\u00e9ger vos cheveux expos\u00e9s au soleil, au sel de mer, au chlore de la piscine, et ...\",\"breadcrumb\":{\"@id\":\"https:\/\/www.phyto-haircare.ch\/produit\/phytoplage-huile-protectrice-loriginale\/#breadcrumb\"},\"inLanguage\":\"de\",\"potentialAction\":[{\"@type\":\"ReadAction\",\"target\":[\"https:\/\/www.phyto-haircare.ch\/produit\/phytoplage-huile-protectrice-loriginale\/\"]}]},{\"@type\":\"ImageObject\",\"inLanguage\":\"de\",\"@id\":\"https:\/\/www.phyto-haircare.ch\/produit\/phytoplage-huile-protectrice-loriginale\/#primaryimage\",\"url\":\"https:\/\/www.phyto-haircare.ch\/wp-content\/uploads\/2020\/12\/5ef1e74aa8bcb_huile_protectrice_phytoplage_reflet.jpg\",\"contentUrl\":\"https:\/\/www.phyto-haircare.ch\/wp-content\/uploads\/2020\/12\/5ef1e74aa8bcb_huile_protectrice_phytoplage_reflet.jpg\",\"width\":1024,\"height\":1024},{\"@type\":\"BreadcrumbList\",\"@id\":\"https:\/\/www.phyto-haircare.ch\/produit\/phytoplage-huile-protectrice-loriginale\/#breadcrumb\",\"itemListElement\":[{\"@type\":\"ListItem\",\"position\":1,\"name\":\"Accueil\",\"item\":\"https:\/\/www.phyto-haircare.ch\/de\/\"},{\"@type\":\"ListItem\",\"position\":2,\"name\":\"PHYTOPLAGE Huile protectrice \u00ab\u00a0L&rsquo;originale\"}]},{\"@type\":\"WebSite\",\"@id\":\"https:\/\/www.phyto-haircare.ch\/#website\",\"url\":\"https:\/\/www.phyto-haircare.ch\/\",\"name\":\"Phyto\",\"description\":\"La puissance v\u00e9g\u00e9tale\",\"potentialAction\":[{\"@type\":\"SearchAction\",\"target\":{\"@type\":\"EntryPoint\",\"urlTemplate\":\"https:\/\/www.phyto-haircare.ch\/?s={search_term_string}\"},\"query-input\":{\"@type\":\"PropertyValueSpecification\",\"valueRequired\":true,\"valueName\":\"search_term_string\"}}],\"inLanguage\":\"de\"}]}<\/script>\n<!-- \/ Yoast SEO plugin. -->","yoast_head_json":{"title":"PHYTOPLAGE Huile protectrice \"L'originale - Phyto","description":"L\u2019originale depuis 1974, quelques \u00ab pschitt \u00bb suffisent pour prot\u00e9ger vos cheveux expos\u00e9s au soleil, au sel de mer, au chlore de la piscine, et ...","robots":{"index":"index","follow":"follow","max-snippet":"max-snippet:-1","max-image-preview":"max-image-preview:large","max-video-preview":"max-video-preview:-1"},"canonical":"https:\/\/www.phyto-haircare.ch\/produit\/phytoplage-huile-protectrice-loriginale\/","og_locale":"de_DE","og_type":"article","og_title":"PHYTOPLAGE Huile protectrice \"L'originale - Phyto","og_description":"L\u2019originale depuis 1974, quelques \u00ab pschitt \u00bb suffisent pour prot\u00e9ger vos cheveux expos\u00e9s au soleil, au sel de mer, au chlore de la piscine, et ...","og_url":"https:\/\/www.phyto-haircare.ch\/produit\/phytoplage-huile-protectrice-loriginale\/","og_site_name":"Phyto","article_modified_time":"2020-12-23T15:28:27+00:00","og_image":[{"width":1024,"height":1024,"url":"https:\/\/www.phyto-haircare.ch\/wp-content\/uploads\/2020\/12\/5ef1e74aa8bcb_huile_protectrice_phytoplage_reflet.jpg","type":"image\/jpeg"}],"twitter_card":"summary_large_image","schema":{"@context":"https:\/\/schema.org","@graph":[{"@type":"WebPage","@id":"https:\/\/www.phyto-haircare.ch\/produit\/phytoplage-huile-protectrice-loriginale\/","url":"https:\/\/www.phyto-haircare.ch\/produit\/phytoplage-huile-protectrice-loriginale\/","name":"PHYTOPLAGE Huile protectrice \"L'originale - Phyto","isPartOf":{"@id":"https:\/\/www.phyto-haircare.ch\/#website"},"primaryImageOfPage":{"@id":"https:\/\/www.phyto-haircare.ch\/produit\/phytoplage-huile-protectrice-loriginale\/#primaryimage"},"image":{"@id":"https:\/\/www.phyto-haircare.ch\/produit\/phytoplage-huile-protectrice-loriginale\/#primaryimage"},"thumbnailUrl":"https:\/\/www.phyto-haircare.ch\/wp-content\/uploads\/2020\/12\/5ef1e74aa8bcb_huile_protectrice_phytoplage_reflet.jpg","datePublished":"2020-12-23T15:28:15+00:00","dateModified":"2020-12-23T15:28:27+00:00","description":"L\u2019originale depuis 1974, quelques \u00ab pschitt \u00bb suffisent pour prot\u00e9ger vos cheveux expos\u00e9s au soleil, au sel de mer, au chlore de la piscine, et ...","breadcrumb":{"@id":"https:\/\/www.phyto-haircare.ch\/produit\/phytoplage-huile-protectrice-loriginale\/#breadcrumb"},"inLanguage":"de","potentialAction":[{"@type":"ReadAction","target":["https:\/\/www.phyto-haircare.ch\/produit\/phytoplage-huile-protectrice-loriginale\/"]}]},{"@type":"ImageObject","inLanguage":"de","@id":"https:\/\/www.phyto-haircare.ch\/produit\/phytoplage-huile-protectrice-loriginale\/#primaryimage","url":"https:\/\/www.phyto-haircare.ch\/wp-content\/uploads\/2020\/12\/5ef1e74aa8bcb_huile_protectrice_phytoplage_reflet.jpg","contentUrl":"https:\/\/www.phyto-haircare.ch\/wp-content\/uploads\/2020\/12\/5ef1e74aa8bcb_huile_protectrice_phytoplage_reflet.jpg","width":1024,"height":1024},{"@type":"BreadcrumbList","@id":"https:\/\/www.phyto-haircare.ch\/produit\/phytoplage-huile-protectrice-loriginale\/#breadcrumb","itemListElement":[{"@type":"ListItem","position":1,"name":"Accueil","item":"https:\/\/www.phyto-haircare.ch\/de\/"},{"@type":"ListItem","position":2,"name":"PHYTOPLAGE Huile protectrice \u00ab\u00a0L&rsquo;originale"}]},{"@type":"WebSite","@id":"https:\/\/www.phyto-haircare.ch\/#website","url":"https:\/\/www.phyto-haircare.ch\/","name":"Phyto","description":"La puissance v\u00e9g\u00e9tale","potentialAction":[{"@type":"SearchAction","target":{"@type":"EntryPoint","urlTemplate":"https:\/\/www.phyto-haircare.ch\/?s={search_term_string}"},"query-input":{"@type":"PropertyValueSpecification","valueRequired":true,"valueName":"search_term_string"}}],"inLanguage":"de"}]}},"_links":{"self":[{"href":"https:\/\/www.phyto-haircare.ch\/de\/wp-json\/wp\/v2\/product\/1981"}],"collection":[{"href":"https:\/\/www.phyto-haircare.ch\/de\/wp-json\/wp\/v2\/product"}],"about":[{"href":"https:\/\/www.phyto-haircare.ch\/de\/wp-json\/wp\/v2\/types\/product"}],"wp:featuredmedia":[{"embeddable":true,"href":"https:\/\/www.phyto-haircare.ch\/de\/wp-json\/wp\/v2\/media\/1830"}],"wp:attachment":[{"href":"https:\/\/www.phyto-haircare.ch\/de\/wp-json\/wp\/v2\/media?parent=1981"}],"wp:term":[{"taxonomy":"product_brand","embeddable":true,"href":"https:\/\/www.phyto-haircare.ch\/de\/wp-json\/wp\/v2\/product_brand?post=1981"},{"taxonomy":"product_cat","embeddable":true,"href":"https:\/\/www.phyto-haircare.ch\/de\/wp-json\/wp\/v2\/product_cat?post=1981"},{"taxonomy":"product_tag","embeddable":true,"href":"https:\/\/www.phyto-haircare.ch\/de\/wp-json\/wp\/v2\/product_tag?post=1981"}],"curies":[{"name":"wp","href":"https:\/\/api.w.org\/{rel}","templated":true}]}}