{"id":1993,"date":"2020-12-23T16:28:37","date_gmt":"2020-12-23T15:28:37","guid":{"rendered":"https:\/\/www.phyto-haircare.ch\/produit\/phytoargent\/"},"modified":"2020-12-23T16:28:42","modified_gmt":"2020-12-23T15:28:42","slug":"phytoargent-shampooing-dejaunissant","status":"publish","type":"product","link":"https:\/\/www.phyto-haircare.ch\/de\/produit\/phytoargent-shampooing-dejaunissant\/","title":{"rendered":"PHYTOARGENT Shampooing D\u00e9jaunissant"},"content":{"rendered":"<p>Le shampooing d\u00e9jaunissant PHYTO ARGENT neutralise les reflets jaunes des cheveux gris, blancs et d\u00e9color\u00e9s d\u00e8s la premi\u00e8re utilisation.Les cheveux sont prot\u00e9g\u00e9s et sublim\u00e9s.<\/p>\n","protected":false},"excerpt":{"rendered":"<p>Le shampooing d\u00e9jaunissant PHYTO ARGENT neutralise les reflets jaunes des cheveux gris, blancs et d\u00e9color\u00e9s d\u00e8s la premi\u00e8re utilisation.Les cheveux sont prot\u00e9g\u00e9s et sublim\u00e9s.<\/p>\n","protected":false},"featured_media":1855,"template":"","meta":{"_acf_changed":false},"product_brand":[],"product_cat":[21],"product_tag":[],"class_list":{"0":"post-1993","1":"product","2":"type-product","3":"status-publish","4":"has-post-thumbnail","6":"product_cat-coloration","7":"tax_need-soin-des-cheveux-colores","8":"tax_hair_type-cheveux-gris-et-blancs","9":"tax_product_type-shampooing-et-soin-lavant","11":"first","12":"instock","13":"product-type-simple"},"acf":[],"yoast_head":"<!-- This site is optimized with the Yoast SEO plugin v25.6 - https:\/\/yoast.com\/wordpress\/plugins\/seo\/ -->\n<title>PHYTOARGENT Shampooing D\u00e9jaunissant - Phyto<\/title>\n<meta name=\"description\" content=\"Le shampooing d\u00e9jaunissant PHYTO ARGENT neutralise les reflets jaunes des cheveux gris, blancs et d\u00e9color\u00e9s d\u00e8s la premi\u00e8re utilisation.Les cheveux sont...\" \/>\n<meta name=\"robots\" content=\"index, follow, max-snippet:-1, max-image-preview:large, max-video-preview:-1\" \/>\n<link rel=\"canonical\" href=\"https:\/\/www.phyto-haircare.ch\/produit\/phytoargent-shampooing-dejaunissant\/\" \/>\n<meta property=\"og:locale\" content=\"de_DE\" \/>\n<meta property=\"og:type\" content=\"article\" \/>\n<meta property=\"og:title\" content=\"PHYTOARGENT Shampooing D\u00e9jaunissant - Phyto\" \/>\n<meta property=\"og:description\" content=\"Le shampooing d\u00e9jaunissant PHYTO ARGENT neutralise les reflets jaunes des cheveux gris, blancs et d\u00e9color\u00e9s d\u00e8s la premi\u00e8re utilisation.Les cheveux sont...\" \/>\n<meta property=\"og:url\" content=\"https:\/\/www.phyto-haircare.ch\/produit\/phytoargent-shampooing-dejaunissant\/\" \/>\n<meta property=\"og:site_name\" content=\"Phyto\" \/>\n<meta property=\"article:modified_time\" content=\"2020-12-23T15:28:42+00:00\" \/>\n<meta property=\"og:image\" content=\"https:\/\/www.phyto-haircare.ch\/wp-content\/uploads\/2020\/12\/5ba24b2f08b95_PHYTOARGENT_2018.png\" \/>\n\t<meta property=\"og:image:width\" content=\"1024\" \/>\n\t<meta property=\"og:image:height\" content=\"1024\" \/>\n\t<meta property=\"og:image:type\" content=\"image\/png\" \/>\n<meta name=\"twitter:card\" content=\"summary_large_image\" \/>\n<script type=\"application\/ld+json\" class=\"yoast-schema-graph\">{\"@context\":\"https:\/\/schema.org\",\"@graph\":[{\"@type\":\"WebPage\",\"@id\":\"https:\/\/www.phyto-haircare.ch\/produit\/phytoargent-shampooing-dejaunissant\/\",\"url\":\"https:\/\/www.phyto-haircare.ch\/produit\/phytoargent-shampooing-dejaunissant\/\",\"name\":\"PHYTOARGENT Shampooing D\u00e9jaunissant - Phyto\",\"isPartOf\":{\"@id\":\"https:\/\/www.phyto-haircare.ch\/#website\"},\"primaryImageOfPage\":{\"@id\":\"https:\/\/www.phyto-haircare.ch\/produit\/phytoargent-shampooing-dejaunissant\/#primaryimage\"},\"image\":{\"@id\":\"https:\/\/www.phyto-haircare.ch\/produit\/phytoargent-shampooing-dejaunissant\/#primaryimage\"},\"thumbnailUrl\":\"https:\/\/www.phyto-haircare.ch\/wp-content\/uploads\/2020\/12\/5ba24b2f08b95_PHYTOARGENT_2018.png\",\"datePublished\":\"2020-12-23T15:28:37+00:00\",\"dateModified\":\"2020-12-23T15:28:42+00:00\",\"description\":\"Le shampooing d\u00e9jaunissant PHYTO ARGENT neutralise les reflets jaunes des cheveux gris, blancs et d\u00e9color\u00e9s d\u00e8s la premi\u00e8re utilisation.Les cheveux sont...\",\"breadcrumb\":{\"@id\":\"https:\/\/www.phyto-haircare.ch\/produit\/phytoargent-shampooing-dejaunissant\/#breadcrumb\"},\"inLanguage\":\"de\",\"potentialAction\":[{\"@type\":\"ReadAction\",\"target\":[\"https:\/\/www.phyto-haircare.ch\/produit\/phytoargent-shampooing-dejaunissant\/\"]}]},{\"@type\":\"ImageObject\",\"inLanguage\":\"de\",\"@id\":\"https:\/\/www.phyto-haircare.ch\/produit\/phytoargent-shampooing-dejaunissant\/#primaryimage\",\"url\":\"https:\/\/www.phyto-haircare.ch\/wp-content\/uploads\/2020\/12\/5ba24b2f08b95_PHYTOARGENT_2018.png\",\"contentUrl\":\"https:\/\/www.phyto-haircare.ch\/wp-content\/uploads\/2020\/12\/5ba24b2f08b95_PHYTOARGENT_2018.png\",\"width\":1024,\"height\":1024},{\"@type\":\"BreadcrumbList\",\"@id\":\"https:\/\/www.phyto-haircare.ch\/produit\/phytoargent-shampooing-dejaunissant\/#breadcrumb\",\"itemListElement\":[{\"@type\":\"ListItem\",\"position\":1,\"name\":\"Accueil\",\"item\":\"https:\/\/www.phyto-haircare.ch\/de\/\"},{\"@type\":\"ListItem\",\"position\":2,\"name\":\"PHYTOARGENT Shampooing D\u00e9jaunissant\"}]},{\"@type\":\"WebSite\",\"@id\":\"https:\/\/www.phyto-haircare.ch\/#website\",\"url\":\"https:\/\/www.phyto-haircare.ch\/\",\"name\":\"Phyto\",\"description\":\"La puissance v\u00e9g\u00e9tale\",\"potentialAction\":[{\"@type\":\"SearchAction\",\"target\":{\"@type\":\"EntryPoint\",\"urlTemplate\":\"https:\/\/www.phyto-haircare.ch\/?s={search_term_string}\"},\"query-input\":{\"@type\":\"PropertyValueSpecification\",\"valueRequired\":true,\"valueName\":\"search_term_string\"}}],\"inLanguage\":\"de\"}]}<\/script>\n<!-- \/ Yoast SEO plugin. -->","yoast_head_json":{"title":"PHYTOARGENT Shampooing D\u00e9jaunissant - Phyto","description":"Le shampooing d\u00e9jaunissant PHYTO ARGENT neutralise les reflets jaunes des cheveux gris, blancs et d\u00e9color\u00e9s d\u00e8s la premi\u00e8re utilisation.Les cheveux sont...","robots":{"index":"index","follow":"follow","max-snippet":"max-snippet:-1","max-image-preview":"max-image-preview:large","max-video-preview":"max-video-preview:-1"},"canonical":"https:\/\/www.phyto-haircare.ch\/produit\/phytoargent-shampooing-dejaunissant\/","og_locale":"de_DE","og_type":"article","og_title":"PHYTOARGENT Shampooing D\u00e9jaunissant - Phyto","og_description":"Le shampooing d\u00e9jaunissant PHYTO ARGENT neutralise les reflets jaunes des cheveux gris, blancs et d\u00e9color\u00e9s d\u00e8s la premi\u00e8re utilisation.Les cheveux sont...","og_url":"https:\/\/www.phyto-haircare.ch\/produit\/phytoargent-shampooing-dejaunissant\/","og_site_name":"Phyto","article_modified_time":"2020-12-23T15:28:42+00:00","og_image":[{"width":1024,"height":1024,"url":"https:\/\/www.phyto-haircare.ch\/wp-content\/uploads\/2020\/12\/5ba24b2f08b95_PHYTOARGENT_2018.png","type":"image\/png"}],"twitter_card":"summary_large_image","schema":{"@context":"https:\/\/schema.org","@graph":[{"@type":"WebPage","@id":"https:\/\/www.phyto-haircare.ch\/produit\/phytoargent-shampooing-dejaunissant\/","url":"https:\/\/www.phyto-haircare.ch\/produit\/phytoargent-shampooing-dejaunissant\/","name":"PHYTOARGENT Shampooing D\u00e9jaunissant - Phyto","isPartOf":{"@id":"https:\/\/www.phyto-haircare.ch\/#website"},"primaryImageOfPage":{"@id":"https:\/\/www.phyto-haircare.ch\/produit\/phytoargent-shampooing-dejaunissant\/#primaryimage"},"image":{"@id":"https:\/\/www.phyto-haircare.ch\/produit\/phytoargent-shampooing-dejaunissant\/#primaryimage"},"thumbnailUrl":"https:\/\/www.phyto-haircare.ch\/wp-content\/uploads\/2020\/12\/5ba24b2f08b95_PHYTOARGENT_2018.png","datePublished":"2020-12-23T15:28:37+00:00","dateModified":"2020-12-23T15:28:42+00:00","description":"Le shampooing d\u00e9jaunissant PHYTO ARGENT neutralise les reflets jaunes des cheveux gris, blancs et d\u00e9color\u00e9s d\u00e8s la premi\u00e8re utilisation.Les cheveux sont...","breadcrumb":{"@id":"https:\/\/www.phyto-haircare.ch\/produit\/phytoargent-shampooing-dejaunissant\/#breadcrumb"},"inLanguage":"de","potentialAction":[{"@type":"ReadAction","target":["https:\/\/www.phyto-haircare.ch\/produit\/phytoargent-shampooing-dejaunissant\/"]}]},{"@type":"ImageObject","inLanguage":"de","@id":"https:\/\/www.phyto-haircare.ch\/produit\/phytoargent-shampooing-dejaunissant\/#primaryimage","url":"https:\/\/www.phyto-haircare.ch\/wp-content\/uploads\/2020\/12\/5ba24b2f08b95_PHYTOARGENT_2018.png","contentUrl":"https:\/\/www.phyto-haircare.ch\/wp-content\/uploads\/2020\/12\/5ba24b2f08b95_PHYTOARGENT_2018.png","width":1024,"height":1024},{"@type":"BreadcrumbList","@id":"https:\/\/www.phyto-haircare.ch\/produit\/phytoargent-shampooing-dejaunissant\/#breadcrumb","itemListElement":[{"@type":"ListItem","position":1,"name":"Accueil","item":"https:\/\/www.phyto-haircare.ch\/de\/"},{"@type":"ListItem","position":2,"name":"PHYTOARGENT Shampooing D\u00e9jaunissant"}]},{"@type":"WebSite","@id":"https:\/\/www.phyto-haircare.ch\/#website","url":"https:\/\/www.phyto-haircare.ch\/","name":"Phyto","description":"La puissance v\u00e9g\u00e9tale","potentialAction":[{"@type":"SearchAction","target":{"@type":"EntryPoint","urlTemplate":"https:\/\/www.phyto-haircare.ch\/?s={search_term_string}"},"query-input":{"@type":"PropertyValueSpecification","valueRequired":true,"valueName":"search_term_string"}}],"inLanguage":"de"}]}},"_links":{"self":[{"href":"https:\/\/www.phyto-haircare.ch\/de\/wp-json\/wp\/v2\/product\/1993"}],"collection":[{"href":"https:\/\/www.phyto-haircare.ch\/de\/wp-json\/wp\/v2\/product"}],"about":[{"href":"https:\/\/www.phyto-haircare.ch\/de\/wp-json\/wp\/v2\/types\/product"}],"wp:featuredmedia":[{"embeddable":true,"href":"https:\/\/www.phyto-haircare.ch\/de\/wp-json\/wp\/v2\/media\/1855"}],"wp:attachment":[{"href":"https:\/\/www.phyto-haircare.ch\/de\/wp-json\/wp\/v2\/media?parent=1993"}],"wp:term":[{"taxonomy":"product_brand","embeddable":true,"href":"https:\/\/www.phyto-haircare.ch\/de\/wp-json\/wp\/v2\/product_brand?post=1993"},{"taxonomy":"product_cat","embeddable":true,"href":"https:\/\/www.phyto-haircare.ch\/de\/wp-json\/wp\/v2\/product_cat?post=1993"},{"taxonomy":"product_tag","embeddable":true,"href":"https:\/\/www.phyto-haircare.ch\/de\/wp-json\/wp\/v2\/product_tag?post=1993"}],"curies":[{"name":"wp","href":"https:\/\/api.w.org\/{rel}","templated":true}]}}