{"id":2006,"date":"2020-12-23T16:28:37","date_gmt":"2020-12-23T15:28:37","guid":{"rendered":"https:\/\/www.phyto-haircare.ch\/produit\/phytospecific-3\/"},"modified":"2020-12-23T16:28:54","modified_gmt":"2020-12-23T15:28:54","slug":"phytospecific-masque-hydratation-riche","status":"publish","type":"product","link":"https:\/\/www.phyto-haircare.ch\/de\/produit\/phytospecific-masque-hydratation-riche\/","title":{"rendered":"PHYTOSPECIFIC Masque Hydratation riche"},"content":{"rendered":"<p>PHYTOSPECIFIC, la gamme de soins sp\u00e9cialiste de tous les types de cheveux textur\u00e9s.<\/p>\n<p>Ce masque \u00e0 la texture onctueuse est enrichi en miel de Tr\u00e8fle blanc, en beurre de Karit\u00e9 et en extraction de Guimauve permettant de r\u00e9\u00e9quilibrer la fibre en eau, d\u2019apporter une hydratation riche, d\u2019assouplir et de d\u00e9m\u00ealer instantan\u00e9ment les chevelures s\u00e8ches et r\u00eaches. Son concentr\u00e9 d\u2019actifs nutritifs et protecteurs nourrit intens\u00e9ment et prot\u00e8ge les fibres carenc\u00e9es.<br \/>\nPHYTOSPECIFIC : 12 produits, aux formules d\u2019origines naturelles, s\u2019appuyant sur une expertise capillaire sp\u00e9cifique et pointue.<\/p>\n","protected":false},"excerpt":{"rendered":"<p>PHYTOSPECIFIC, la gamme de soins sp\u00e9cialiste de tous les types de cheveux textur\u00e9s.<\/p>\n<p>Ce masque \u00e0 la texture onctueuse est enrichi en miel de Tr\u00e8fle blanc, en beurre de Karit\u00e9 et en extraction de Guimauve permettant de r\u00e9\u00e9quilibrer la fibre en eau, d\u2019apporter une hydratation riche, d\u2019assouplir et de d\u00e9m\u00ealer instantan\u00e9ment les chevelures s\u00e8ches et r\u00eaches. Son concentr\u00e9 d\u2019actifs nutritifs et protecteurs nourrit intens\u00e9ment et prot\u00e8ge les fibres carenc\u00e9es.<br \/>\nPHYTOSPECIFIC : 12 produits, aux formules d\u2019origines naturelles, s\u2019appuyant sur une expertise capillaire sp\u00e9cifique et pointue.<\/p>\n","protected":false},"featured_media":1881,"template":"","meta":{"_acf_changed":false},"product_brand":[],"product_cat":[22],"product_tag":[],"class_list":{"0":"post-2006","1":"product","2":"type-product","3":"status-publish","4":"has-post-thumbnail","6":"product_cat-phyto-specific","7":"tax_product_type-apres-shampooing-et-masque","9":"first","10":"instock","11":"product-type-simple"},"acf":[],"yoast_head":"<!-- This site is optimized with the Yoast SEO plugin v25.6 - https:\/\/yoast.com\/wordpress\/plugins\/seo\/ -->\n<title>PHYTOSPECIFIC Masque Hydratation riche - Phyto<\/title>\n<meta name=\"description\" content=\"PHYTOSPECIFIC, la gamme de soins sp\u00e9cialiste de tous les types de cheveux textur\u00e9s. Ce masque \u00e0 la texture onctueuse est enrichi en miel de Tr\u00e8fle ...\" \/>\n<meta name=\"robots\" content=\"index, follow, max-snippet:-1, max-image-preview:large, max-video-preview:-1\" \/>\n<link rel=\"canonical\" href=\"https:\/\/www.phyto-haircare.ch\/de\/produit\/phytospecific-masque-hydratation-riche\/\" \/>\n<meta property=\"og:locale\" content=\"de_DE\" \/>\n<meta property=\"og:type\" content=\"article\" \/>\n<meta property=\"og:title\" content=\"PHYTOSPECIFIC Masque Hydratation riche - Phyto\" \/>\n<meta property=\"og:description\" content=\"PHYTOSPECIFIC, la gamme de soins sp\u00e9cialiste de tous les types de cheveux textur\u00e9s. Ce masque \u00e0 la texture onctueuse est enrichi en miel de Tr\u00e8fle ...\" \/>\n<meta property=\"og:url\" content=\"https:\/\/www.phyto-haircare.ch\/de\/produit\/phytospecific-masque-hydratation-riche\/\" \/>\n<meta property=\"og:site_name\" content=\"Phyto\" \/>\n<meta property=\"article:modified_time\" content=\"2020-12-23T15:28:54+00:00\" \/>\n<meta property=\"og:image\" content=\"https:\/\/www.phyto-haircare.ch\/wp-content\/uploads\/2020\/12\/5dfcd9c32cecd_phytospecific_masque_hydra_riche_reflet.jpg\" \/>\n\t<meta property=\"og:image:width\" content=\"1024\" \/>\n\t<meta property=\"og:image:height\" content=\"1024\" \/>\n\t<meta property=\"og:image:type\" content=\"image\/jpeg\" \/>\n<meta name=\"twitter:card\" content=\"summary_large_image\" \/>\n<meta name=\"twitter:label1\" content=\"Gesch\u00e4tzte Lesezeit\" \/>\n\t<meta name=\"twitter:data1\" content=\"1\u00a0Minute\" \/>\n<script type=\"application\/ld+json\" class=\"yoast-schema-graph\">{\"@context\":\"https:\/\/schema.org\",\"@graph\":[{\"@type\":\"WebPage\",\"@id\":\"https:\/\/www.phyto-haircare.ch\/de\/produit\/phytospecific-masque-hydratation-riche\/\",\"url\":\"https:\/\/www.phyto-haircare.ch\/de\/produit\/phytospecific-masque-hydratation-riche\/\",\"name\":\"PHYTOSPECIFIC Masque Hydratation riche - Phyto\",\"isPartOf\":{\"@id\":\"https:\/\/www.phyto-haircare.ch\/#website\"},\"primaryImageOfPage\":{\"@id\":\"https:\/\/www.phyto-haircare.ch\/de\/produit\/phytospecific-masque-hydratation-riche\/#primaryimage\"},\"image\":{\"@id\":\"https:\/\/www.phyto-haircare.ch\/de\/produit\/phytospecific-masque-hydratation-riche\/#primaryimage\"},\"thumbnailUrl\":\"https:\/\/www.phyto-haircare.ch\/wp-content\/uploads\/2020\/12\/5dfcd9c32cecd_phytospecific_masque_hydra_riche_reflet.jpg\",\"datePublished\":\"2020-12-23T15:28:37+00:00\",\"dateModified\":\"2020-12-23T15:28:54+00:00\",\"description\":\"PHYTOSPECIFIC, la gamme de soins sp\u00e9cialiste de tous les types de cheveux textur\u00e9s. Ce masque \u00e0 la texture onctueuse est enrichi en miel de Tr\u00e8fle ...\",\"breadcrumb\":{\"@id\":\"https:\/\/www.phyto-haircare.ch\/de\/produit\/phytospecific-masque-hydratation-riche\/#breadcrumb\"},\"inLanguage\":\"de\",\"potentialAction\":[{\"@type\":\"ReadAction\",\"target\":[\"https:\/\/www.phyto-haircare.ch\/de\/produit\/phytospecific-masque-hydratation-riche\/\"]}]},{\"@type\":\"ImageObject\",\"inLanguage\":\"de\",\"@id\":\"https:\/\/www.phyto-haircare.ch\/de\/produit\/phytospecific-masque-hydratation-riche\/#primaryimage\",\"url\":\"https:\/\/www.phyto-haircare.ch\/wp-content\/uploads\/2020\/12\/5dfcd9c32cecd_phytospecific_masque_hydra_riche_reflet.jpg\",\"contentUrl\":\"https:\/\/www.phyto-haircare.ch\/wp-content\/uploads\/2020\/12\/5dfcd9c32cecd_phytospecific_masque_hydra_riche_reflet.jpg\",\"width\":1024,\"height\":1024},{\"@type\":\"BreadcrumbList\",\"@id\":\"https:\/\/www.phyto-haircare.ch\/de\/produit\/phytospecific-masque-hydratation-riche\/#breadcrumb\",\"itemListElement\":[{\"@type\":\"ListItem\",\"position\":1,\"name\":\"Accueil\",\"item\":\"https:\/\/www.phyto-haircare.ch\/de\/\"},{\"@type\":\"ListItem\",\"position\":2,\"name\":\"PHYTOSPECIFIC Masque Hydratation riche\"}]},{\"@type\":\"WebSite\",\"@id\":\"https:\/\/www.phyto-haircare.ch\/#website\",\"url\":\"https:\/\/www.phyto-haircare.ch\/\",\"name\":\"Phyto\",\"description\":\"La puissance v\u00e9g\u00e9tale\",\"potentialAction\":[{\"@type\":\"SearchAction\",\"target\":{\"@type\":\"EntryPoint\",\"urlTemplate\":\"https:\/\/www.phyto-haircare.ch\/?s={search_term_string}\"},\"query-input\":{\"@type\":\"PropertyValueSpecification\",\"valueRequired\":true,\"valueName\":\"search_term_string\"}}],\"inLanguage\":\"de\"}]}<\/script>\n<!-- \/ Yoast SEO plugin. -->","yoast_head_json":{"title":"PHYTOSPECIFIC Masque Hydratation riche - Phyto","description":"PHYTOSPECIFIC, la gamme de soins sp\u00e9cialiste de tous les types de cheveux textur\u00e9s. Ce masque \u00e0 la texture onctueuse est enrichi en miel de Tr\u00e8fle ...","robots":{"index":"index","follow":"follow","max-snippet":"max-snippet:-1","max-image-preview":"max-image-preview:large","max-video-preview":"max-video-preview:-1"},"canonical":"https:\/\/www.phyto-haircare.ch\/de\/produit\/phytospecific-masque-hydratation-riche\/","og_locale":"de_DE","og_type":"article","og_title":"PHYTOSPECIFIC Masque Hydratation riche - Phyto","og_description":"PHYTOSPECIFIC, la gamme de soins sp\u00e9cialiste de tous les types de cheveux textur\u00e9s. Ce masque \u00e0 la texture onctueuse est enrichi en miel de Tr\u00e8fle ...","og_url":"https:\/\/www.phyto-haircare.ch\/de\/produit\/phytospecific-masque-hydratation-riche\/","og_site_name":"Phyto","article_modified_time":"2020-12-23T15:28:54+00:00","og_image":[{"width":1024,"height":1024,"url":"https:\/\/www.phyto-haircare.ch\/wp-content\/uploads\/2020\/12\/5dfcd9c32cecd_phytospecific_masque_hydra_riche_reflet.jpg","type":"image\/jpeg"}],"twitter_card":"summary_large_image","twitter_misc":{"Gesch\u00e4tzte Lesezeit":"1\u00a0Minute"},"schema":{"@context":"https:\/\/schema.org","@graph":[{"@type":"WebPage","@id":"https:\/\/www.phyto-haircare.ch\/de\/produit\/phytospecific-masque-hydratation-riche\/","url":"https:\/\/www.phyto-haircare.ch\/de\/produit\/phytospecific-masque-hydratation-riche\/","name":"PHYTOSPECIFIC Masque Hydratation riche - Phyto","isPartOf":{"@id":"https:\/\/www.phyto-haircare.ch\/#website"},"primaryImageOfPage":{"@id":"https:\/\/www.phyto-haircare.ch\/de\/produit\/phytospecific-masque-hydratation-riche\/#primaryimage"},"image":{"@id":"https:\/\/www.phyto-haircare.ch\/de\/produit\/phytospecific-masque-hydratation-riche\/#primaryimage"},"thumbnailUrl":"https:\/\/www.phyto-haircare.ch\/wp-content\/uploads\/2020\/12\/5dfcd9c32cecd_phytospecific_masque_hydra_riche_reflet.jpg","datePublished":"2020-12-23T15:28:37+00:00","dateModified":"2020-12-23T15:28:54+00:00","description":"PHYTOSPECIFIC, la gamme de soins sp\u00e9cialiste de tous les types de cheveux textur\u00e9s. Ce masque \u00e0 la texture onctueuse est enrichi en miel de Tr\u00e8fle ...","breadcrumb":{"@id":"https:\/\/www.phyto-haircare.ch\/de\/produit\/phytospecific-masque-hydratation-riche\/#breadcrumb"},"inLanguage":"de","potentialAction":[{"@type":"ReadAction","target":["https:\/\/www.phyto-haircare.ch\/de\/produit\/phytospecific-masque-hydratation-riche\/"]}]},{"@type":"ImageObject","inLanguage":"de","@id":"https:\/\/www.phyto-haircare.ch\/de\/produit\/phytospecific-masque-hydratation-riche\/#primaryimage","url":"https:\/\/www.phyto-haircare.ch\/wp-content\/uploads\/2020\/12\/5dfcd9c32cecd_phytospecific_masque_hydra_riche_reflet.jpg","contentUrl":"https:\/\/www.phyto-haircare.ch\/wp-content\/uploads\/2020\/12\/5dfcd9c32cecd_phytospecific_masque_hydra_riche_reflet.jpg","width":1024,"height":1024},{"@type":"BreadcrumbList","@id":"https:\/\/www.phyto-haircare.ch\/de\/produit\/phytospecific-masque-hydratation-riche\/#breadcrumb","itemListElement":[{"@type":"ListItem","position":1,"name":"Accueil","item":"https:\/\/www.phyto-haircare.ch\/de\/"},{"@type":"ListItem","position":2,"name":"PHYTOSPECIFIC Masque Hydratation riche"}]},{"@type":"WebSite","@id":"https:\/\/www.phyto-haircare.ch\/#website","url":"https:\/\/www.phyto-haircare.ch\/","name":"Phyto","description":"La puissance v\u00e9g\u00e9tale","potentialAction":[{"@type":"SearchAction","target":{"@type":"EntryPoint","urlTemplate":"https:\/\/www.phyto-haircare.ch\/?s={search_term_string}"},"query-input":{"@type":"PropertyValueSpecification","valueRequired":true,"valueName":"search_term_string"}}],"inLanguage":"de"}]}},"_links":{"self":[{"href":"https:\/\/www.phyto-haircare.ch\/de\/wp-json\/wp\/v2\/product\/2006"}],"collection":[{"href":"https:\/\/www.phyto-haircare.ch\/de\/wp-json\/wp\/v2\/product"}],"about":[{"href":"https:\/\/www.phyto-haircare.ch\/de\/wp-json\/wp\/v2\/types\/product"}],"wp:featuredmedia":[{"embeddable":true,"href":"https:\/\/www.phyto-haircare.ch\/de\/wp-json\/wp\/v2\/media\/1881"}],"wp:attachment":[{"href":"https:\/\/www.phyto-haircare.ch\/de\/wp-json\/wp\/v2\/media?parent=2006"}],"wp:term":[{"taxonomy":"product_brand","embeddable":true,"href":"https:\/\/www.phyto-haircare.ch\/de\/wp-json\/wp\/v2\/product_brand?post=2006"},{"taxonomy":"product_cat","embeddable":true,"href":"https:\/\/www.phyto-haircare.ch\/de\/wp-json\/wp\/v2\/product_cat?post=2006"},{"taxonomy":"product_tag","embeddable":true,"href":"https:\/\/www.phyto-haircare.ch\/de\/wp-json\/wp\/v2\/product_tag?post=2006"}],"curies":[{"name":"wp","href":"https:\/\/api.w.org\/{rel}","templated":true}]}}