{"id":2013,"date":"2020-12-23T16:28:59","date_gmt":"2020-12-23T15:28:59","guid":{"rendered":"https:\/\/www.phyto-haircare.ch\/produit\/phytoplage-3\/"},"modified":"2020-12-23T16:29:04","modified_gmt":"2020-12-23T15:29:04","slug":"phytoplage-voile-protecteur","status":"publish","type":"product","link":"https:\/\/www.phyto-haircare.ch\/de\/produit\/phytoplage-voile-protecteur\/","title":{"rendered":"PHYTOPLAGE Voile protecteur"},"content":{"rendered":"<p>Une protection solaire invisible et non grasse pour les cheveux expos\u00e9s, au soleil, \u00e0 la mer, \u00e0 la piscine. Gr\u00e2ce \u00e0 son filtre UV, ce voile capillaire fait \u00e9cran. A vaporiser r\u00e9guli\u00e8rement \u00e0 la plage comme \u00e0 la ville !<br \/>\nCe voile invisible forme un \u00e9cran anti-d\u00e9shydratation pour prot\u00e9ger les cheveux expos\u00e9s au soleil, au sel et au chlore. Il agit comme un bouclier photo-protecteur.\u00a0<br \/>\nLes cheveux sont prot\u00e9g\u00e9s, leur \u00e9clat est pr\u00e9serv\u00e9. Contient un filtre UV. Parfum jasmin\u00e9 et musqu\u00e9.<\/p>\n","protected":false},"excerpt":{"rendered":"<p>Une protection solaire invisible et non grasse pour les cheveux expos\u00e9s, au soleil, \u00e0 la mer, \u00e0 la piscine. Gr\u00e2ce \u00e0 son filtre UV, ce voile capillaire fait \u00e9cran. A vaporiser r\u00e9guli\u00e8rement \u00e0 la plage comme \u00e0 la ville !<br \/>\nCe voile invisible forme un \u00e9cran anti-d\u00e9shydratation pour prot\u00e9ger les cheveux expos\u00e9s au soleil, au sel et au chlore. Il agit comme un bouclier photo-protecteur.\u00a0<br \/>\nLes cheveux sont prot\u00e9g\u00e9s, leur \u00e9clat est pr\u00e9serv\u00e9. Contient un filtre UV. Parfum jasmin\u00e9 et musqu\u00e9.<\/p>\n","protected":false},"featured_media":1895,"template":"","meta":{"_acf_changed":false},"product_brand":[],"product_cat":[35,20],"product_tag":[],"class_list":{"0":"post-2013","1":"product","2":"type-product","3":"status-publish","4":"has-post-thumbnail","6":"product_cat-produits-cultes","7":"product_cat-soins-solaires","8":"tax_need-proteger","9":"tax_hair_type-cheveux-normaux","10":"tax_hair_type-cheveux-secs-et-ultra-secs","11":"tax_product_type-huile","12":"tax_product_type-soin-protecteur","13":"tax_product_type-soin-sans-rincage","15":"first","16":"instock","17":"product-type-simple"},"acf":[],"yoast_head":"<!-- This site is optimized with the Yoast SEO plugin v25.6 - https:\/\/yoast.com\/wordpress\/plugins\/seo\/ -->\n<title>PHYTOPLAGE Voile protecteur - Phyto<\/title>\n<meta name=\"description\" content=\"Une protection solaire invisible et non grasse pour les cheveux expos\u00e9s, au soleil, \u00e0 la mer, \u00e0 la piscine. Gr\u00e2ce \u00e0 son filtre UV, ce voile capillaire ...\" \/>\n<meta name=\"robots\" content=\"index, follow, max-snippet:-1, max-image-preview:large, max-video-preview:-1\" \/>\n<link rel=\"canonical\" href=\"https:\/\/www.phyto-haircare.ch\/de\/produit\/phytoplage-voile-protecteur\/\" \/>\n<meta property=\"og:locale\" content=\"de_DE\" \/>\n<meta property=\"og:type\" content=\"article\" \/>\n<meta property=\"og:title\" content=\"PHYTOPLAGE Voile protecteur - Phyto\" \/>\n<meta property=\"og:description\" content=\"Une protection solaire invisible et non grasse pour les cheveux expos\u00e9s, au soleil, \u00e0 la mer, \u00e0 la piscine. Gr\u00e2ce \u00e0 son filtre UV, ce voile capillaire ...\" \/>\n<meta property=\"og:url\" content=\"https:\/\/www.phyto-haircare.ch\/de\/produit\/phytoplage-voile-protecteur\/\" \/>\n<meta property=\"og:site_name\" content=\"Phyto\" \/>\n<meta property=\"article:modified_time\" content=\"2020-12-23T15:29:04+00:00\" \/>\n<meta property=\"og:image\" content=\"https:\/\/www.phyto-haircare.ch\/wp-content\/uploads\/2020\/12\/5ef1df98e8471_voile_protecteur_phyto_reflet.jpg\" \/>\n\t<meta property=\"og:image:width\" content=\"1024\" \/>\n\t<meta property=\"og:image:height\" content=\"1024\" \/>\n\t<meta property=\"og:image:type\" content=\"image\/jpeg\" \/>\n<meta name=\"twitter:card\" content=\"summary_large_image\" \/>\n<script type=\"application\/ld+json\" class=\"yoast-schema-graph\">{\"@context\":\"https:\/\/schema.org\",\"@graph\":[{\"@type\":\"WebPage\",\"@id\":\"https:\/\/www.phyto-haircare.ch\/de\/produit\/phytoplage-voile-protecteur\/\",\"url\":\"https:\/\/www.phyto-haircare.ch\/de\/produit\/phytoplage-voile-protecteur\/\",\"name\":\"PHYTOPLAGE Voile protecteur - Phyto\",\"isPartOf\":{\"@id\":\"https:\/\/www.phyto-haircare.ch\/#website\"},\"primaryImageOfPage\":{\"@id\":\"https:\/\/www.phyto-haircare.ch\/de\/produit\/phytoplage-voile-protecteur\/#primaryimage\"},\"image\":{\"@id\":\"https:\/\/www.phyto-haircare.ch\/de\/produit\/phytoplage-voile-protecteur\/#primaryimage\"},\"thumbnailUrl\":\"https:\/\/www.phyto-haircare.ch\/wp-content\/uploads\/2020\/12\/5ef1df98e8471_voile_protecteur_phyto_reflet.jpg\",\"datePublished\":\"2020-12-23T15:28:59+00:00\",\"dateModified\":\"2020-12-23T15:29:04+00:00\",\"description\":\"Une protection solaire invisible et non grasse pour les cheveux expos\u00e9s, au soleil, \u00e0 la mer, \u00e0 la piscine. Gr\u00e2ce \u00e0 son filtre UV, ce voile capillaire ...\",\"breadcrumb\":{\"@id\":\"https:\/\/www.phyto-haircare.ch\/de\/produit\/phytoplage-voile-protecteur\/#breadcrumb\"},\"inLanguage\":\"de\",\"potentialAction\":[{\"@type\":\"ReadAction\",\"target\":[\"https:\/\/www.phyto-haircare.ch\/de\/produit\/phytoplage-voile-protecteur\/\"]}]},{\"@type\":\"ImageObject\",\"inLanguage\":\"de\",\"@id\":\"https:\/\/www.phyto-haircare.ch\/de\/produit\/phytoplage-voile-protecteur\/#primaryimage\",\"url\":\"https:\/\/www.phyto-haircare.ch\/wp-content\/uploads\/2020\/12\/5ef1df98e8471_voile_protecteur_phyto_reflet.jpg\",\"contentUrl\":\"https:\/\/www.phyto-haircare.ch\/wp-content\/uploads\/2020\/12\/5ef1df98e8471_voile_protecteur_phyto_reflet.jpg\",\"width\":1024,\"height\":1024},{\"@type\":\"BreadcrumbList\",\"@id\":\"https:\/\/www.phyto-haircare.ch\/de\/produit\/phytoplage-voile-protecteur\/#breadcrumb\",\"itemListElement\":[{\"@type\":\"ListItem\",\"position\":1,\"name\":\"Accueil\",\"item\":\"https:\/\/www.phyto-haircare.ch\/de\/\"},{\"@type\":\"ListItem\",\"position\":2,\"name\":\"PHYTOPLAGE Voile protecteur\"}]},{\"@type\":\"WebSite\",\"@id\":\"https:\/\/www.phyto-haircare.ch\/#website\",\"url\":\"https:\/\/www.phyto-haircare.ch\/\",\"name\":\"Phyto\",\"description\":\"La puissance v\u00e9g\u00e9tale\",\"potentialAction\":[{\"@type\":\"SearchAction\",\"target\":{\"@type\":\"EntryPoint\",\"urlTemplate\":\"https:\/\/www.phyto-haircare.ch\/?s={search_term_string}\"},\"query-input\":{\"@type\":\"PropertyValueSpecification\",\"valueRequired\":true,\"valueName\":\"search_term_string\"}}],\"inLanguage\":\"de\"}]}<\/script>\n<!-- \/ Yoast SEO plugin. -->","yoast_head_json":{"title":"PHYTOPLAGE Voile protecteur - Phyto","description":"Une protection solaire invisible et non grasse pour les cheveux expos\u00e9s, au soleil, \u00e0 la mer, \u00e0 la piscine. Gr\u00e2ce \u00e0 son filtre UV, ce voile capillaire ...","robots":{"index":"index","follow":"follow","max-snippet":"max-snippet:-1","max-image-preview":"max-image-preview:large","max-video-preview":"max-video-preview:-1"},"canonical":"https:\/\/www.phyto-haircare.ch\/de\/produit\/phytoplage-voile-protecteur\/","og_locale":"de_DE","og_type":"article","og_title":"PHYTOPLAGE Voile protecteur - Phyto","og_description":"Une protection solaire invisible et non grasse pour les cheveux expos\u00e9s, au soleil, \u00e0 la mer, \u00e0 la piscine. Gr\u00e2ce \u00e0 son filtre UV, ce voile capillaire ...","og_url":"https:\/\/www.phyto-haircare.ch\/de\/produit\/phytoplage-voile-protecteur\/","og_site_name":"Phyto","article_modified_time":"2020-12-23T15:29:04+00:00","og_image":[{"width":1024,"height":1024,"url":"https:\/\/www.phyto-haircare.ch\/wp-content\/uploads\/2020\/12\/5ef1df98e8471_voile_protecteur_phyto_reflet.jpg","type":"image\/jpeg"}],"twitter_card":"summary_large_image","schema":{"@context":"https:\/\/schema.org","@graph":[{"@type":"WebPage","@id":"https:\/\/www.phyto-haircare.ch\/de\/produit\/phytoplage-voile-protecteur\/","url":"https:\/\/www.phyto-haircare.ch\/de\/produit\/phytoplage-voile-protecteur\/","name":"PHYTOPLAGE Voile protecteur - Phyto","isPartOf":{"@id":"https:\/\/www.phyto-haircare.ch\/#website"},"primaryImageOfPage":{"@id":"https:\/\/www.phyto-haircare.ch\/de\/produit\/phytoplage-voile-protecteur\/#primaryimage"},"image":{"@id":"https:\/\/www.phyto-haircare.ch\/de\/produit\/phytoplage-voile-protecteur\/#primaryimage"},"thumbnailUrl":"https:\/\/www.phyto-haircare.ch\/wp-content\/uploads\/2020\/12\/5ef1df98e8471_voile_protecteur_phyto_reflet.jpg","datePublished":"2020-12-23T15:28:59+00:00","dateModified":"2020-12-23T15:29:04+00:00","description":"Une protection solaire invisible et non grasse pour les cheveux expos\u00e9s, au soleil, \u00e0 la mer, \u00e0 la piscine. Gr\u00e2ce \u00e0 son filtre UV, ce voile capillaire ...","breadcrumb":{"@id":"https:\/\/www.phyto-haircare.ch\/de\/produit\/phytoplage-voile-protecteur\/#breadcrumb"},"inLanguage":"de","potentialAction":[{"@type":"ReadAction","target":["https:\/\/www.phyto-haircare.ch\/de\/produit\/phytoplage-voile-protecteur\/"]}]},{"@type":"ImageObject","inLanguage":"de","@id":"https:\/\/www.phyto-haircare.ch\/de\/produit\/phytoplage-voile-protecteur\/#primaryimage","url":"https:\/\/www.phyto-haircare.ch\/wp-content\/uploads\/2020\/12\/5ef1df98e8471_voile_protecteur_phyto_reflet.jpg","contentUrl":"https:\/\/www.phyto-haircare.ch\/wp-content\/uploads\/2020\/12\/5ef1df98e8471_voile_protecteur_phyto_reflet.jpg","width":1024,"height":1024},{"@type":"BreadcrumbList","@id":"https:\/\/www.phyto-haircare.ch\/de\/produit\/phytoplage-voile-protecteur\/#breadcrumb","itemListElement":[{"@type":"ListItem","position":1,"name":"Accueil","item":"https:\/\/www.phyto-haircare.ch\/de\/"},{"@type":"ListItem","position":2,"name":"PHYTOPLAGE Voile protecteur"}]},{"@type":"WebSite","@id":"https:\/\/www.phyto-haircare.ch\/#website","url":"https:\/\/www.phyto-haircare.ch\/","name":"Phyto","description":"La puissance v\u00e9g\u00e9tale","potentialAction":[{"@type":"SearchAction","target":{"@type":"EntryPoint","urlTemplate":"https:\/\/www.phyto-haircare.ch\/?s={search_term_string}"},"query-input":{"@type":"PropertyValueSpecification","valueRequired":true,"valueName":"search_term_string"}}],"inLanguage":"de"}]}},"_links":{"self":[{"href":"https:\/\/www.phyto-haircare.ch\/de\/wp-json\/wp\/v2\/product\/2013"}],"collection":[{"href":"https:\/\/www.phyto-haircare.ch\/de\/wp-json\/wp\/v2\/product"}],"about":[{"href":"https:\/\/www.phyto-haircare.ch\/de\/wp-json\/wp\/v2\/types\/product"}],"wp:featuredmedia":[{"embeddable":true,"href":"https:\/\/www.phyto-haircare.ch\/de\/wp-json\/wp\/v2\/media\/1895"}],"wp:attachment":[{"href":"https:\/\/www.phyto-haircare.ch\/de\/wp-json\/wp\/v2\/media?parent=2013"}],"wp:term":[{"taxonomy":"product_brand","embeddable":true,"href":"https:\/\/www.phyto-haircare.ch\/de\/wp-json\/wp\/v2\/product_brand?post=2013"},{"taxonomy":"product_cat","embeddable":true,"href":"https:\/\/www.phyto-haircare.ch\/de\/wp-json\/wp\/v2\/product_cat?post=2013"},{"taxonomy":"product_tag","embeddable":true,"href":"https:\/\/www.phyto-haircare.ch\/de\/wp-json\/wp\/v2\/product_tag?post=2013"}],"curies":[{"name":"wp","href":"https:\/\/api.w.org\/{rel}","templated":true}]}}