{"id":2032,"date":"2020-12-23T16:28:59","date_gmt":"2020-12-23T15:50:04","guid":{"rendered":"https:\/\/www.phyto-haircare.ch\/produit\/phytonovathrix-energiespendende-lotion\/"},"modified":"2020-12-23T16:50:13","modified_gmt":"2020-12-23T15:50:13","slug":"phytonovathrix-energiespendende-lotion","status":"publish","type":"product","link":"https:\/\/www.phyto-haircare.ch\/de\/produit\/phytonovathrix-energiespendende-lotion\/","title":{"rendered":"PHYTONOVATHRIX Energiespendende Lotion"},"content":{"rendered":"<p>Die energiespendende, nicht fettende PHYTONOVATHRIX Lotion schenkt dem Haar sofort neue Energie und Vitalit\u00e4t. Der enthaltene Tulpenextrakt verbessert die Verankerung und Widerstandsf\u00e4higkeit der Haare, indem er ein gesundes Milieu auf der Kopfhaut f\u00f6rdert. Die aktive Textur umh\u00fcllt die Haarfaser von der Wurzel an und verleiht dem Haar mehr F\u00fclle.<\/p>\n<p>Das Haar ist sofort nach der Anwendung mit neuer Energie versorgt. Es ist kr\u00e4ftiger und einfach zu stylen. Das Haar erh\u00e4lt mehr F\u00fclle. Ein echter Volumen-Booster! Ideal als unterst\u00fctzende Erg\u00e4nzung zur Phytonovathrix Anti-Haarausfall Kur anzuwenden, oder auch als Stabilisierung zwischen zwei Anti-Haarausfall Kuren.<\/p>\n","protected":false},"excerpt":{"rendered":"<p>Die energiespendende, nicht fettende PHYTONOVATHRIX Lotion schenkt dem Haar sofort neue Energie und Vitalit\u00e4t. Der enthaltene Tulpenextrakt verbessert die Verankerung und Widerstandsf\u00e4higkeit der Haare, indem er ein gesundes Milieu auf der Kopfhaut f\u00f6rdert. Die aktive Textur umh\u00fcllt die Haarfaser von der Wurzel an und verleiht dem Haar mehr F\u00fclle.<\/p>\n<p>Das Haar ist sofort nach der Anwendung mit neuer Energie versorgt. Es ist kr\u00e4ftiger und einfach zu stylen. Das Haar erh\u00e4lt mehr F\u00fclle. Ein echter Volumen-Booster! Ideal als unterst\u00fctzende Erg\u00e4nzung zur Phytonovathrix Anti-Haarausfall Kur anzuwenden, oder auch als Stabilisierung zwischen zwei Anti-Haarausfall Kuren.<\/p>\n","protected":false},"featured_media":0,"template":"","meta":{"_acf_changed":false},"product_brand":[],"product_cat":[104],"product_tag":[],"class_list":{"0":"post-2032","1":"product","2":"type-product","3":"status-publish","5":"product_cat-behandelnde-pflege","6":"tax_need-antichute-de","8":"first","9":"instock","10":"product-type-simple"},"acf":[],"yoast_head":"<!-- This site is optimized with the Yoast SEO plugin v25.6 - https:\/\/yoast.com\/wordpress\/plugins\/seo\/ -->\n<title>PHYTONOVATHRIX Energiespendende Lotion - Phyto<\/title>\n<meta name=\"description\" content=\"Die energiespendende, nicht fettende PHYTONOVATHRIX Lotion schenkt dem Haar sofort neue Energie und Vitalit\u00e4t. Der enthaltene Tulpenextrakt verbessert die ...\" \/>\n<meta name=\"robots\" content=\"index, follow, max-snippet:-1, max-image-preview:large, max-video-preview:-1\" \/>\n<link rel=\"canonical\" href=\"https:\/\/www.phyto-haircare.ch\/de\/produit\/phytonovathrix-energiespendende-lotion\/\" \/>\n<meta property=\"og:locale\" content=\"de_DE\" \/>\n<meta property=\"og:type\" content=\"article\" \/>\n<meta property=\"og:title\" content=\"PHYTONOVATHRIX Energiespendende Lotion - Phyto\" \/>\n<meta property=\"og:description\" content=\"Die energiespendende, nicht fettende PHYTONOVATHRIX Lotion schenkt dem Haar sofort neue Energie und Vitalit\u00e4t. Der enthaltene Tulpenextrakt verbessert die ...\" \/>\n<meta property=\"og:url\" content=\"https:\/\/www.phyto-haircare.ch\/de\/produit\/phytonovathrix-energiespendende-lotion\/\" \/>\n<meta property=\"og:site_name\" content=\"Phyto\" \/>\n<meta property=\"article:modified_time\" content=\"2020-12-23T15:50:13+00:00\" \/>\n<meta property=\"og:image\" content=\"https:\/\/www.phyto-haircare.ch\/wp-content\/uploads\/2020\/12\/5d7f5eed5fe36_phytonovathrix_lotion_masse_capillaire_sr.png\" \/>\n\t<meta property=\"og:image:width\" content=\"1024\" \/>\n\t<meta property=\"og:image:height\" content=\"1024\" \/>\n\t<meta property=\"og:image:type\" content=\"image\/png\" \/>\n<meta name=\"twitter:card\" content=\"summary_large_image\" \/>\n<meta name=\"twitter:label1\" content=\"Gesch\u00e4tzte Lesezeit\" \/>\n\t<meta name=\"twitter:data1\" content=\"1\u00a0Minute\" \/>\n<script type=\"application\/ld+json\" class=\"yoast-schema-graph\">{\"@context\":\"https:\/\/schema.org\",\"@graph\":[{\"@type\":\"WebPage\",\"@id\":\"https:\/\/www.phyto-haircare.ch\/de\/produit\/phytonovathrix-energiespendende-lotion\/\",\"url\":\"https:\/\/www.phyto-haircare.ch\/de\/produit\/phytonovathrix-energiespendende-lotion\/\",\"name\":\"PHYTONOVATHRIX Energiespendende Lotion - Phyto\",\"isPartOf\":{\"@id\":\"https:\/\/www.phyto-haircare.ch\/#website\"},\"datePublished\":\"2020-12-23T15:50:04+00:00\",\"dateModified\":\"2020-12-23T15:50:13+00:00\",\"description\":\"Die energiespendende, nicht fettende PHYTONOVATHRIX Lotion schenkt dem Haar sofort neue Energie und Vitalit\u00e4t. Der enthaltene Tulpenextrakt verbessert die ...\",\"breadcrumb\":{\"@id\":\"https:\/\/www.phyto-haircare.ch\/de\/produit\/phytonovathrix-energiespendende-lotion\/#breadcrumb\"},\"inLanguage\":\"de\",\"potentialAction\":[{\"@type\":\"ReadAction\",\"target\":[\"https:\/\/www.phyto-haircare.ch\/de\/produit\/phytonovathrix-energiespendende-lotion\/\"]}]},{\"@type\":\"BreadcrumbList\",\"@id\":\"https:\/\/www.phyto-haircare.ch\/de\/produit\/phytonovathrix-energiespendende-lotion\/#breadcrumb\",\"itemListElement\":[{\"@type\":\"ListItem\",\"position\":1,\"name\":\"Accueil\",\"item\":\"https:\/\/www.phyto-haircare.ch\/de\/\"},{\"@type\":\"ListItem\",\"position\":2,\"name\":\"PHYTONOVATHRIX Energiespendende Lotion\"}]},{\"@type\":\"WebSite\",\"@id\":\"https:\/\/www.phyto-haircare.ch\/#website\",\"url\":\"https:\/\/www.phyto-haircare.ch\/\",\"name\":\"Phyto\",\"description\":\"La puissance v\u00e9g\u00e9tale\",\"potentialAction\":[{\"@type\":\"SearchAction\",\"target\":{\"@type\":\"EntryPoint\",\"urlTemplate\":\"https:\/\/www.phyto-haircare.ch\/?s={search_term_string}\"},\"query-input\":{\"@type\":\"PropertyValueSpecification\",\"valueRequired\":true,\"valueName\":\"search_term_string\"}}],\"inLanguage\":\"de\"}]}<\/script>\n<!-- \/ Yoast SEO plugin. -->","yoast_head_json":{"title":"PHYTONOVATHRIX Energiespendende Lotion - Phyto","description":"Die energiespendende, nicht fettende PHYTONOVATHRIX Lotion schenkt dem Haar sofort neue Energie und Vitalit\u00e4t. Der enthaltene Tulpenextrakt verbessert die ...","robots":{"index":"index","follow":"follow","max-snippet":"max-snippet:-1","max-image-preview":"max-image-preview:large","max-video-preview":"max-video-preview:-1"},"canonical":"https:\/\/www.phyto-haircare.ch\/de\/produit\/phytonovathrix-energiespendende-lotion\/","og_locale":"de_DE","og_type":"article","og_title":"PHYTONOVATHRIX Energiespendende Lotion - Phyto","og_description":"Die energiespendende, nicht fettende PHYTONOVATHRIX Lotion schenkt dem Haar sofort neue Energie und Vitalit\u00e4t. Der enthaltene Tulpenextrakt verbessert die ...","og_url":"https:\/\/www.phyto-haircare.ch\/de\/produit\/phytonovathrix-energiespendende-lotion\/","og_site_name":"Phyto","article_modified_time":"2020-12-23T15:50:13+00:00","og_image":[{"width":1024,"height":1024,"url":"https:\/\/www.phyto-haircare.ch\/wp-content\/uploads\/2020\/12\/5d7f5eed5fe36_phytonovathrix_lotion_masse_capillaire_sr.png","type":"image\/png"}],"twitter_card":"summary_large_image","twitter_misc":{"Gesch\u00e4tzte Lesezeit":"1\u00a0Minute"},"schema":{"@context":"https:\/\/schema.org","@graph":[{"@type":"WebPage","@id":"https:\/\/www.phyto-haircare.ch\/de\/produit\/phytonovathrix-energiespendende-lotion\/","url":"https:\/\/www.phyto-haircare.ch\/de\/produit\/phytonovathrix-energiespendende-lotion\/","name":"PHYTONOVATHRIX Energiespendende Lotion - Phyto","isPartOf":{"@id":"https:\/\/www.phyto-haircare.ch\/#website"},"datePublished":"2020-12-23T15:50:04+00:00","dateModified":"2020-12-23T15:50:13+00:00","description":"Die energiespendende, nicht fettende PHYTONOVATHRIX Lotion schenkt dem Haar sofort neue Energie und Vitalit\u00e4t. Der enthaltene Tulpenextrakt verbessert die ...","breadcrumb":{"@id":"https:\/\/www.phyto-haircare.ch\/de\/produit\/phytonovathrix-energiespendende-lotion\/#breadcrumb"},"inLanguage":"de","potentialAction":[{"@type":"ReadAction","target":["https:\/\/www.phyto-haircare.ch\/de\/produit\/phytonovathrix-energiespendende-lotion\/"]}]},{"@type":"BreadcrumbList","@id":"https:\/\/www.phyto-haircare.ch\/de\/produit\/phytonovathrix-energiespendende-lotion\/#breadcrumb","itemListElement":[{"@type":"ListItem","position":1,"name":"Accueil","item":"https:\/\/www.phyto-haircare.ch\/de\/"},{"@type":"ListItem","position":2,"name":"PHYTONOVATHRIX Energiespendende Lotion"}]},{"@type":"WebSite","@id":"https:\/\/www.phyto-haircare.ch\/#website","url":"https:\/\/www.phyto-haircare.ch\/","name":"Phyto","description":"La puissance v\u00e9g\u00e9tale","potentialAction":[{"@type":"SearchAction","target":{"@type":"EntryPoint","urlTemplate":"https:\/\/www.phyto-haircare.ch\/?s={search_term_string}"},"query-input":{"@type":"PropertyValueSpecification","valueRequired":true,"valueName":"search_term_string"}}],"inLanguage":"de"}]}},"_links":{"self":[{"href":"https:\/\/www.phyto-haircare.ch\/de\/wp-json\/wp\/v2\/product\/2032"}],"collection":[{"href":"https:\/\/www.phyto-haircare.ch\/de\/wp-json\/wp\/v2\/product"}],"about":[{"href":"https:\/\/www.phyto-haircare.ch\/de\/wp-json\/wp\/v2\/types\/product"}],"wp:attachment":[{"href":"https:\/\/www.phyto-haircare.ch\/de\/wp-json\/wp\/v2\/media?parent=2032"}],"wp:term":[{"taxonomy":"product_brand","embeddable":true,"href":"https:\/\/www.phyto-haircare.ch\/de\/wp-json\/wp\/v2\/product_brand?post=2032"},{"taxonomy":"product_cat","embeddable":true,"href":"https:\/\/www.phyto-haircare.ch\/de\/wp-json\/wp\/v2\/product_cat?post=2032"},{"taxonomy":"product_tag","embeddable":true,"href":"https:\/\/www.phyto-haircare.ch\/de\/wp-json\/wp\/v2\/product_tag?post=2032"}],"curies":[{"name":"wp","href":"https:\/\/api.w.org\/{rel}","templated":true}]}}