{"id":2036,"date":"2020-12-23T16:50:04","date_gmt":"2020-12-23T15:50:04","guid":{"rendered":"https:\/\/www.phyto-haircare.ch\/produit\/phytosquam-anti-schuppen-tiefenreinigendes-shampoo\/"},"modified":"2020-12-23T16:50:16","modified_gmt":"2020-12-23T15:50:16","slug":"phytosquam-anti-schuppen-tiefenreinigendes-shampoo","status":"publish","type":"product","link":"https:\/\/www.phyto-haircare.ch\/de\/produit\/phytosquam-anti-schuppen-tiefenreinigendes-shampoo\/","title":{"rendered":"PHYTOSQUAM Anti-Schuppen Tiefenreinigendes Shampoo"},"content":{"rendered":"<p>Das PHYTOSQUAM tiefenreinigende Shampoo eliminiert Schuppen und beugt ihrer R\u00fcckkehr vor. Die Kopfhaut ist gekl\u00e4rt und beruhigt. Die Haare erhalten Glanz und Leichtigkeit zur\u00fcck.<\/p>\n","protected":false},"excerpt":{"rendered":"<p>Das PHYTOSQUAM tiefenreinigende Shampoo eliminiert Schuppen und beugt ihrer R\u00fcckkehr vor. Die Kopfhaut ist gekl\u00e4rt und beruhigt. Die Haare erhalten Glanz und Leichtigkeit zur\u00fcck.<\/p>\n","protected":false},"featured_media":1824,"template":"","meta":{"_acf_changed":false},"product_brand":[],"product_cat":[104],"product_tag":[],"class_list":{"0":"post-2036","1":"product","2":"type-product","3":"status-publish","4":"has-post-thumbnail","6":"product_cat-behandelnde-pflege","7":"tax_need-anti-schuppen","8":"tax_hair_type-schuppen","9":"tax_product_type-shampoo-und-reinigungspflege","11":"first","12":"instock","13":"product-type-simple"},"acf":[],"yoast_head":"<!-- This site is optimized with the Yoast SEO plugin v25.6 - https:\/\/yoast.com\/wordpress\/plugins\/seo\/ -->\n<title>PHYTOSQUAM Anti-Schuppen Tiefenreinigendes Shampoo - Phyto<\/title>\n<meta name=\"description\" content=\"Das PHYTOSQUAM tiefenreinigende Shampoo eliminiert Schuppen und beugt ihrer R\u00fcckkehr vor. Die Kopfhaut ist gekl\u00e4rt und beruhigt. Die Haare erhalten Glanz ...\" \/>\n<meta name=\"robots\" content=\"index, follow, max-snippet:-1, max-image-preview:large, max-video-preview:-1\" \/>\n<link rel=\"canonical\" href=\"https:\/\/www.phyto-haircare.ch\/de\/produit\/phytosquam-anti-schuppen-tiefenreinigendes-shampoo\/\" \/>\n<meta property=\"og:locale\" content=\"de_DE\" \/>\n<meta property=\"og:type\" content=\"article\" \/>\n<meta property=\"og:title\" content=\"PHYTOSQUAM Anti-Schuppen Tiefenreinigendes Shampoo - Phyto\" \/>\n<meta property=\"og:description\" content=\"Das PHYTOSQUAM tiefenreinigende Shampoo eliminiert Schuppen und beugt ihrer R\u00fcckkehr vor. Die Kopfhaut ist gekl\u00e4rt und beruhigt. Die Haare erhalten Glanz ...\" \/>\n<meta property=\"og:url\" content=\"https:\/\/www.phyto-haircare.ch\/de\/produit\/phytosquam-anti-schuppen-tiefenreinigendes-shampoo\/\" \/>\n<meta property=\"og:site_name\" content=\"Phyto\" \/>\n<meta property=\"article:modified_time\" content=\"2020-12-23T15:50:16+00:00\" \/>\n<meta property=\"og:image\" content=\"https:\/\/www.phyto-haircare.ch\/wp-content\/uploads\/2020\/12\/5de13a1aa865e_phytosquam_purifiant_250ml_sr.png\" \/>\n\t<meta property=\"og:image:width\" content=\"1024\" \/>\n\t<meta property=\"og:image:height\" content=\"1024\" \/>\n\t<meta property=\"og:image:type\" content=\"image\/png\" \/>\n<meta name=\"twitter:card\" content=\"summary_large_image\" \/>\n<script type=\"application\/ld+json\" class=\"yoast-schema-graph\">{\"@context\":\"https:\/\/schema.org\",\"@graph\":[{\"@type\":\"WebPage\",\"@id\":\"https:\/\/www.phyto-haircare.ch\/de\/produit\/phytosquam-anti-schuppen-tiefenreinigendes-shampoo\/\",\"url\":\"https:\/\/www.phyto-haircare.ch\/de\/produit\/phytosquam-anti-schuppen-tiefenreinigendes-shampoo\/\",\"name\":\"PHYTOSQUAM Anti-Schuppen Tiefenreinigendes Shampoo - Phyto\",\"isPartOf\":{\"@id\":\"https:\/\/www.phyto-haircare.ch\/#website\"},\"primaryImageOfPage\":{\"@id\":\"https:\/\/www.phyto-haircare.ch\/de\/produit\/phytosquam-anti-schuppen-tiefenreinigendes-shampoo\/#primaryimage\"},\"image\":{\"@id\":\"https:\/\/www.phyto-haircare.ch\/de\/produit\/phytosquam-anti-schuppen-tiefenreinigendes-shampoo\/#primaryimage\"},\"thumbnailUrl\":\"https:\/\/www.phyto-haircare.ch\/wp-content\/uploads\/2020\/12\/5de13a1aa865e_phytosquam_purifiant_250ml_sr.png\",\"datePublished\":\"2020-12-23T15:50:04+00:00\",\"dateModified\":\"2020-12-23T15:50:16+00:00\",\"description\":\"Das PHYTOSQUAM tiefenreinigende Shampoo eliminiert Schuppen und beugt ihrer R\u00fcckkehr vor. Die Kopfhaut ist gekl\u00e4rt und beruhigt. Die Haare erhalten Glanz ...\",\"breadcrumb\":{\"@id\":\"https:\/\/www.phyto-haircare.ch\/de\/produit\/phytosquam-anti-schuppen-tiefenreinigendes-shampoo\/#breadcrumb\"},\"inLanguage\":\"de\",\"potentialAction\":[{\"@type\":\"ReadAction\",\"target\":[\"https:\/\/www.phyto-haircare.ch\/de\/produit\/phytosquam-anti-schuppen-tiefenreinigendes-shampoo\/\"]}]},{\"@type\":\"ImageObject\",\"inLanguage\":\"de\",\"@id\":\"https:\/\/www.phyto-haircare.ch\/de\/produit\/phytosquam-anti-schuppen-tiefenreinigendes-shampoo\/#primaryimage\",\"url\":\"https:\/\/www.phyto-haircare.ch\/wp-content\/uploads\/2020\/12\/5de13a1aa865e_phytosquam_purifiant_250ml_sr.png\",\"contentUrl\":\"https:\/\/www.phyto-haircare.ch\/wp-content\/uploads\/2020\/12\/5de13a1aa865e_phytosquam_purifiant_250ml_sr.png\",\"width\":1024,\"height\":1024},{\"@type\":\"BreadcrumbList\",\"@id\":\"https:\/\/www.phyto-haircare.ch\/de\/produit\/phytosquam-anti-schuppen-tiefenreinigendes-shampoo\/#breadcrumb\",\"itemListElement\":[{\"@type\":\"ListItem\",\"position\":1,\"name\":\"Accueil\",\"item\":\"https:\/\/www.phyto-haircare.ch\/de\/\"},{\"@type\":\"ListItem\",\"position\":2,\"name\":\"PHYTOSQUAM Anti-Schuppen Tiefenreinigendes Shampoo\"}]},{\"@type\":\"WebSite\",\"@id\":\"https:\/\/www.phyto-haircare.ch\/#website\",\"url\":\"https:\/\/www.phyto-haircare.ch\/\",\"name\":\"Phyto\",\"description\":\"La puissance v\u00e9g\u00e9tale\",\"potentialAction\":[{\"@type\":\"SearchAction\",\"target\":{\"@type\":\"EntryPoint\",\"urlTemplate\":\"https:\/\/www.phyto-haircare.ch\/?s={search_term_string}\"},\"query-input\":{\"@type\":\"PropertyValueSpecification\",\"valueRequired\":true,\"valueName\":\"search_term_string\"}}],\"inLanguage\":\"de\"}]}<\/script>\n<!-- \/ Yoast SEO plugin. -->","yoast_head_json":{"title":"PHYTOSQUAM Anti-Schuppen Tiefenreinigendes Shampoo - Phyto","description":"Das PHYTOSQUAM tiefenreinigende Shampoo eliminiert Schuppen und beugt ihrer R\u00fcckkehr vor. Die Kopfhaut ist gekl\u00e4rt und beruhigt. Die Haare erhalten Glanz ...","robots":{"index":"index","follow":"follow","max-snippet":"max-snippet:-1","max-image-preview":"max-image-preview:large","max-video-preview":"max-video-preview:-1"},"canonical":"https:\/\/www.phyto-haircare.ch\/de\/produit\/phytosquam-anti-schuppen-tiefenreinigendes-shampoo\/","og_locale":"de_DE","og_type":"article","og_title":"PHYTOSQUAM Anti-Schuppen Tiefenreinigendes Shampoo - Phyto","og_description":"Das PHYTOSQUAM tiefenreinigende Shampoo eliminiert Schuppen und beugt ihrer R\u00fcckkehr vor. Die Kopfhaut ist gekl\u00e4rt und beruhigt. Die Haare erhalten Glanz ...","og_url":"https:\/\/www.phyto-haircare.ch\/de\/produit\/phytosquam-anti-schuppen-tiefenreinigendes-shampoo\/","og_site_name":"Phyto","article_modified_time":"2020-12-23T15:50:16+00:00","og_image":[{"width":1024,"height":1024,"url":"https:\/\/www.phyto-haircare.ch\/wp-content\/uploads\/2020\/12\/5de13a1aa865e_phytosquam_purifiant_250ml_sr.png","type":"image\/png"}],"twitter_card":"summary_large_image","schema":{"@context":"https:\/\/schema.org","@graph":[{"@type":"WebPage","@id":"https:\/\/www.phyto-haircare.ch\/de\/produit\/phytosquam-anti-schuppen-tiefenreinigendes-shampoo\/","url":"https:\/\/www.phyto-haircare.ch\/de\/produit\/phytosquam-anti-schuppen-tiefenreinigendes-shampoo\/","name":"PHYTOSQUAM Anti-Schuppen Tiefenreinigendes Shampoo - Phyto","isPartOf":{"@id":"https:\/\/www.phyto-haircare.ch\/#website"},"primaryImageOfPage":{"@id":"https:\/\/www.phyto-haircare.ch\/de\/produit\/phytosquam-anti-schuppen-tiefenreinigendes-shampoo\/#primaryimage"},"image":{"@id":"https:\/\/www.phyto-haircare.ch\/de\/produit\/phytosquam-anti-schuppen-tiefenreinigendes-shampoo\/#primaryimage"},"thumbnailUrl":"https:\/\/www.phyto-haircare.ch\/wp-content\/uploads\/2020\/12\/5de13a1aa865e_phytosquam_purifiant_250ml_sr.png","datePublished":"2020-12-23T15:50:04+00:00","dateModified":"2020-12-23T15:50:16+00:00","description":"Das PHYTOSQUAM tiefenreinigende Shampoo eliminiert Schuppen und beugt ihrer R\u00fcckkehr vor. Die Kopfhaut ist gekl\u00e4rt und beruhigt. Die Haare erhalten Glanz ...","breadcrumb":{"@id":"https:\/\/www.phyto-haircare.ch\/de\/produit\/phytosquam-anti-schuppen-tiefenreinigendes-shampoo\/#breadcrumb"},"inLanguage":"de","potentialAction":[{"@type":"ReadAction","target":["https:\/\/www.phyto-haircare.ch\/de\/produit\/phytosquam-anti-schuppen-tiefenreinigendes-shampoo\/"]}]},{"@type":"ImageObject","inLanguage":"de","@id":"https:\/\/www.phyto-haircare.ch\/de\/produit\/phytosquam-anti-schuppen-tiefenreinigendes-shampoo\/#primaryimage","url":"https:\/\/www.phyto-haircare.ch\/wp-content\/uploads\/2020\/12\/5de13a1aa865e_phytosquam_purifiant_250ml_sr.png","contentUrl":"https:\/\/www.phyto-haircare.ch\/wp-content\/uploads\/2020\/12\/5de13a1aa865e_phytosquam_purifiant_250ml_sr.png","width":1024,"height":1024},{"@type":"BreadcrumbList","@id":"https:\/\/www.phyto-haircare.ch\/de\/produit\/phytosquam-anti-schuppen-tiefenreinigendes-shampoo\/#breadcrumb","itemListElement":[{"@type":"ListItem","position":1,"name":"Accueil","item":"https:\/\/www.phyto-haircare.ch\/de\/"},{"@type":"ListItem","position":2,"name":"PHYTOSQUAM Anti-Schuppen Tiefenreinigendes Shampoo"}]},{"@type":"WebSite","@id":"https:\/\/www.phyto-haircare.ch\/#website","url":"https:\/\/www.phyto-haircare.ch\/","name":"Phyto","description":"La puissance v\u00e9g\u00e9tale","potentialAction":[{"@type":"SearchAction","target":{"@type":"EntryPoint","urlTemplate":"https:\/\/www.phyto-haircare.ch\/?s={search_term_string}"},"query-input":{"@type":"PropertyValueSpecification","valueRequired":true,"valueName":"search_term_string"}}],"inLanguage":"de"}]}},"_links":{"self":[{"href":"https:\/\/www.phyto-haircare.ch\/de\/wp-json\/wp\/v2\/product\/2036"}],"collection":[{"href":"https:\/\/www.phyto-haircare.ch\/de\/wp-json\/wp\/v2\/product"}],"about":[{"href":"https:\/\/www.phyto-haircare.ch\/de\/wp-json\/wp\/v2\/types\/product"}],"wp:featuredmedia":[{"embeddable":true,"href":"https:\/\/www.phyto-haircare.ch\/de\/wp-json\/wp\/v2\/media\/1824"}],"wp:attachment":[{"href":"https:\/\/www.phyto-haircare.ch\/de\/wp-json\/wp\/v2\/media?parent=2036"}],"wp:term":[{"taxonomy":"product_brand","embeddable":true,"href":"https:\/\/www.phyto-haircare.ch\/de\/wp-json\/wp\/v2\/product_brand?post=2036"},{"taxonomy":"product_cat","embeddable":true,"href":"https:\/\/www.phyto-haircare.ch\/de\/wp-json\/wp\/v2\/product_cat?post=2036"},{"taxonomy":"product_tag","embeddable":true,"href":"https:\/\/www.phyto-haircare.ch\/de\/wp-json\/wp\/v2\/product_tag?post=2036"}],"curies":[{"name":"wp","href":"https:\/\/api.w.org\/{rel}","templated":true}]}}