{"id":2055,"date":"2020-12-23T16:28:37","date_gmt":"2020-12-23T15:50:23","guid":{"rendered":"https:\/\/www.phyto-haircare.ch\/produit\/phytocyane-anti-haarausfall-kur-bei-temporaerem-haarausfall\/"},"modified":"2023-08-18T21:00:42","modified_gmt":"2023-08-18T19:00:42","slug":"phytocyane-anti-haarausfall-kur-bei-temporaerem-haarausfall","status":"publish","type":"product","link":"https:\/\/www.phyto-haircare.ch\/de\/produit\/phytocyane-anti-haarausfall-kur-bei-temporaerem-haarausfall\/","title":{"rendered":"PHYTOCYANE Anti-Haarausfall Kur bei tempor\u00e4rem Haarausfall"},"content":{"rendered":"<p>Anti-Haarausfall-Behandlung mit 3 Wirkungen: Verlangsamter Haarausfall, stimulierter Haarwuchs, sch\u00f6neres Haar.<\/p>\n<p>85%<sup>(1)<\/sup>\u00a0ANTI-HAARAUSFALL-WIRKSAMKEIT<\/p>\n<p><small><sup>(1)<\/sup>% der Probanden, bei denen Dermatologen nach 2-monatiger Anwendung eine sichtbare Verbesserung des Haarausfalls feststellten, Studie an 76 Frauen durchgef\u00fchrt.<\/small><\/p>\n","protected":false},"excerpt":{"rendered":"<p>Die PHYTOCYANE Anti-Haarausfall Kur kr\u00e4ftigt das Haar und f\u00f6rdert das Haarwachstum. Die Haare gewinnen an Dichte, F\u00fclle und Glanz.<br \/>\n12 Ampullen \u00e0 7,5 ml<\/p>\n","protected":false},"featured_media":4694,"template":"","meta":{"_acf_changed":false},"product_brand":[],"product_cat":[104],"product_tag":[],"class_list":{"0":"post-2055","1":"product","2":"type-product","3":"status-publish","4":"has-post-thumbnail","6":"product_cat-behandelnde-pflege","7":"tax_need-antichute-de","9":"first","10":"instock","11":"product-type-simple"},"acf":[],"yoast_head":"<!-- This site is optimized with the Yoast SEO plugin v25.6 - https:\/\/yoast.com\/wordpress\/plugins\/seo\/ -->\n<title>PHYTOCYANE Anti-Haarausfall Kur bei tempor\u00e4rem Haarausfall - Phyto<\/title>\n<meta name=\"description\" content=\"Die PHYTOCYANE Anti-Haarausfall Kur kr\u00e4ftigt das Haar und f\u00f6rdert das Haarwachstum. Die Haare gewinnen an Dichte, F\u00fclle und Glanz. 12 Ampullen \u00e0 7,5 ml...\" \/>\n<meta name=\"robots\" content=\"index, follow, max-snippet:-1, max-image-preview:large, max-video-preview:-1\" \/>\n<link rel=\"canonical\" href=\"https:\/\/www.phyto-haircare.ch\/de\/produit\/phytocyane-anti-haarausfall-kur-bei-temporaerem-haarausfall\/\" \/>\n<meta property=\"og:locale\" content=\"de_DE\" \/>\n<meta property=\"og:type\" content=\"article\" \/>\n<meta property=\"og:title\" content=\"PHYTOCYANE Anti-Haarausfall Kur bei tempor\u00e4rem Haarausfall - Phyto\" \/>\n<meta property=\"og:description\" content=\"Die PHYTOCYANE Anti-Haarausfall Kur kr\u00e4ftigt das Haar und f\u00f6rdert das Haarwachstum. Die Haare gewinnen an Dichte, F\u00fclle und Glanz. 12 Ampullen \u00e0 7,5 ml...\" \/>\n<meta property=\"og:url\" content=\"https:\/\/www.phyto-haircare.ch\/de\/produit\/phytocyane-anti-haarausfall-kur-bei-temporaerem-haarausfall\/\" \/>\n<meta property=\"og:site_name\" content=\"Phyto\" \/>\n<meta property=\"article:modified_time\" content=\"2023-08-18T19:00:42+00:00\" \/>\n<meta name=\"twitter:card\" content=\"summary_large_image\" \/>\n<script type=\"application\/ld+json\" class=\"yoast-schema-graph\">{\"@context\":\"https:\/\/schema.org\",\"@graph\":[{\"@type\":\"WebPage\",\"@id\":\"https:\/\/www.phyto-haircare.ch\/de\/produit\/phytocyane-anti-haarausfall-kur-bei-temporaerem-haarausfall\/\",\"url\":\"https:\/\/www.phyto-haircare.ch\/de\/produit\/phytocyane-anti-haarausfall-kur-bei-temporaerem-haarausfall\/\",\"name\":\"PHYTOCYANE Anti-Haarausfall Kur bei tempor\u00e4rem Haarausfall - Phyto\",\"isPartOf\":{\"@id\":\"https:\/\/www.phyto-haircare.ch\/#website\"},\"primaryImageOfPage\":{\"@id\":\"https:\/\/www.phyto-haircare.ch\/de\/produit\/phytocyane-anti-haarausfall-kur-bei-temporaerem-haarausfall\/#primaryimage\"},\"image\":{\"@id\":\"https:\/\/www.phyto-haircare.ch\/de\/produit\/phytocyane-anti-haarausfall-kur-bei-temporaerem-haarausfall\/#primaryimage\"},\"thumbnailUrl\":\"https:\/\/www.phyto-haircare.ch\/wp-content\/uploads\/2020\/12\/3701436910143_packaging_texture.webp\",\"datePublished\":\"2020-12-23T15:50:23+00:00\",\"dateModified\":\"2023-08-18T19:00:42+00:00\",\"description\":\"Die PHYTOCYANE Anti-Haarausfall Kur kr\u00e4ftigt das Haar und f\u00f6rdert das Haarwachstum. Die Haare gewinnen an Dichte, F\u00fclle und Glanz. 12 Ampullen \u00e0 7,5 ml...\",\"breadcrumb\":{\"@id\":\"https:\/\/www.phyto-haircare.ch\/de\/produit\/phytocyane-anti-haarausfall-kur-bei-temporaerem-haarausfall\/#breadcrumb\"},\"inLanguage\":\"de\",\"potentialAction\":[{\"@type\":\"ReadAction\",\"target\":[\"https:\/\/www.phyto-haircare.ch\/de\/produit\/phytocyane-anti-haarausfall-kur-bei-temporaerem-haarausfall\/\"]}]},{\"@type\":\"ImageObject\",\"inLanguage\":\"de\",\"@id\":\"https:\/\/www.phyto-haircare.ch\/de\/produit\/phytocyane-anti-haarausfall-kur-bei-temporaerem-haarausfall\/#primaryimage\",\"url\":\"https:\/\/www.phyto-haircare.ch\/wp-content\/uploads\/2020\/12\/3701436910143_packaging_texture.webp\",\"contentUrl\":\"https:\/\/www.phyto-haircare.ch\/wp-content\/uploads\/2020\/12\/3701436910143_packaging_texture.webp\",\"width\":650,\"height\":650},{\"@type\":\"BreadcrumbList\",\"@id\":\"https:\/\/www.phyto-haircare.ch\/de\/produit\/phytocyane-anti-haarausfall-kur-bei-temporaerem-haarausfall\/#breadcrumb\",\"itemListElement\":[{\"@type\":\"ListItem\",\"position\":1,\"name\":\"Accueil\",\"item\":\"https:\/\/www.phyto-haircare.ch\/de\/\"},{\"@type\":\"ListItem\",\"position\":2,\"name\":\"PHYTOCYANE Anti-Haarausfall Kur bei tempor\u00e4rem Haarausfall\"}]},{\"@type\":\"WebSite\",\"@id\":\"https:\/\/www.phyto-haircare.ch\/#website\",\"url\":\"https:\/\/www.phyto-haircare.ch\/\",\"name\":\"Phyto\",\"description\":\"La puissance v\u00e9g\u00e9tale\",\"potentialAction\":[{\"@type\":\"SearchAction\",\"target\":{\"@type\":\"EntryPoint\",\"urlTemplate\":\"https:\/\/www.phyto-haircare.ch\/?s={search_term_string}\"},\"query-input\":{\"@type\":\"PropertyValueSpecification\",\"valueRequired\":true,\"valueName\":\"search_term_string\"}}],\"inLanguage\":\"de\"}]}<\/script>\n<!-- \/ Yoast SEO plugin. -->","yoast_head_json":{"title":"PHYTOCYANE Anti-Haarausfall Kur bei tempor\u00e4rem Haarausfall - Phyto","description":"Die PHYTOCYANE Anti-Haarausfall Kur kr\u00e4ftigt das Haar und f\u00f6rdert das Haarwachstum. Die Haare gewinnen an Dichte, F\u00fclle und Glanz. 12 Ampullen \u00e0 7,5 ml...","robots":{"index":"index","follow":"follow","max-snippet":"max-snippet:-1","max-image-preview":"max-image-preview:large","max-video-preview":"max-video-preview:-1"},"canonical":"https:\/\/www.phyto-haircare.ch\/de\/produit\/phytocyane-anti-haarausfall-kur-bei-temporaerem-haarausfall\/","og_locale":"de_DE","og_type":"article","og_title":"PHYTOCYANE Anti-Haarausfall Kur bei tempor\u00e4rem Haarausfall - Phyto","og_description":"Die PHYTOCYANE Anti-Haarausfall Kur kr\u00e4ftigt das Haar und f\u00f6rdert das Haarwachstum. Die Haare gewinnen an Dichte, F\u00fclle und Glanz. 12 Ampullen \u00e0 7,5 ml...","og_url":"https:\/\/www.phyto-haircare.ch\/de\/produit\/phytocyane-anti-haarausfall-kur-bei-temporaerem-haarausfall\/","og_site_name":"Phyto","article_modified_time":"2023-08-18T19:00:42+00:00","twitter_card":"summary_large_image","schema":{"@context":"https:\/\/schema.org","@graph":[{"@type":"WebPage","@id":"https:\/\/www.phyto-haircare.ch\/de\/produit\/phytocyane-anti-haarausfall-kur-bei-temporaerem-haarausfall\/","url":"https:\/\/www.phyto-haircare.ch\/de\/produit\/phytocyane-anti-haarausfall-kur-bei-temporaerem-haarausfall\/","name":"PHYTOCYANE Anti-Haarausfall Kur bei tempor\u00e4rem Haarausfall - Phyto","isPartOf":{"@id":"https:\/\/www.phyto-haircare.ch\/#website"},"primaryImageOfPage":{"@id":"https:\/\/www.phyto-haircare.ch\/de\/produit\/phytocyane-anti-haarausfall-kur-bei-temporaerem-haarausfall\/#primaryimage"},"image":{"@id":"https:\/\/www.phyto-haircare.ch\/de\/produit\/phytocyane-anti-haarausfall-kur-bei-temporaerem-haarausfall\/#primaryimage"},"thumbnailUrl":"https:\/\/www.phyto-haircare.ch\/wp-content\/uploads\/2020\/12\/3701436910143_packaging_texture.webp","datePublished":"2020-12-23T15:50:23+00:00","dateModified":"2023-08-18T19:00:42+00:00","description":"Die PHYTOCYANE Anti-Haarausfall Kur kr\u00e4ftigt das Haar und f\u00f6rdert das Haarwachstum. Die Haare gewinnen an Dichte, F\u00fclle und Glanz. 12 Ampullen \u00e0 7,5 ml...","breadcrumb":{"@id":"https:\/\/www.phyto-haircare.ch\/de\/produit\/phytocyane-anti-haarausfall-kur-bei-temporaerem-haarausfall\/#breadcrumb"},"inLanguage":"de","potentialAction":[{"@type":"ReadAction","target":["https:\/\/www.phyto-haircare.ch\/de\/produit\/phytocyane-anti-haarausfall-kur-bei-temporaerem-haarausfall\/"]}]},{"@type":"ImageObject","inLanguage":"de","@id":"https:\/\/www.phyto-haircare.ch\/de\/produit\/phytocyane-anti-haarausfall-kur-bei-temporaerem-haarausfall\/#primaryimage","url":"https:\/\/www.phyto-haircare.ch\/wp-content\/uploads\/2020\/12\/3701436910143_packaging_texture.webp","contentUrl":"https:\/\/www.phyto-haircare.ch\/wp-content\/uploads\/2020\/12\/3701436910143_packaging_texture.webp","width":650,"height":650},{"@type":"BreadcrumbList","@id":"https:\/\/www.phyto-haircare.ch\/de\/produit\/phytocyane-anti-haarausfall-kur-bei-temporaerem-haarausfall\/#breadcrumb","itemListElement":[{"@type":"ListItem","position":1,"name":"Accueil","item":"https:\/\/www.phyto-haircare.ch\/de\/"},{"@type":"ListItem","position":2,"name":"PHYTOCYANE Anti-Haarausfall Kur bei tempor\u00e4rem Haarausfall"}]},{"@type":"WebSite","@id":"https:\/\/www.phyto-haircare.ch\/#website","url":"https:\/\/www.phyto-haircare.ch\/","name":"Phyto","description":"La puissance v\u00e9g\u00e9tale","potentialAction":[{"@type":"SearchAction","target":{"@type":"EntryPoint","urlTemplate":"https:\/\/www.phyto-haircare.ch\/?s={search_term_string}"},"query-input":{"@type":"PropertyValueSpecification","valueRequired":true,"valueName":"search_term_string"}}],"inLanguage":"de"}]}},"_links":{"self":[{"href":"https:\/\/www.phyto-haircare.ch\/de\/wp-json\/wp\/v2\/product\/2055"}],"collection":[{"href":"https:\/\/www.phyto-haircare.ch\/de\/wp-json\/wp\/v2\/product"}],"about":[{"href":"https:\/\/www.phyto-haircare.ch\/de\/wp-json\/wp\/v2\/types\/product"}],"wp:featuredmedia":[{"embeddable":true,"href":"https:\/\/www.phyto-haircare.ch\/de\/wp-json\/wp\/v2\/media\/4694"}],"wp:attachment":[{"href":"https:\/\/www.phyto-haircare.ch\/de\/wp-json\/wp\/v2\/media?parent=2055"}],"wp:term":[{"taxonomy":"product_brand","embeddable":true,"href":"https:\/\/www.phyto-haircare.ch\/de\/wp-json\/wp\/v2\/product_brand?post=2055"},{"taxonomy":"product_cat","embeddable":true,"href":"https:\/\/www.phyto-haircare.ch\/de\/wp-json\/wp\/v2\/product_cat?post=2055"},{"taxonomy":"product_tag","embeddable":true,"href":"https:\/\/www.phyto-haircare.ch\/de\/wp-json\/wp\/v2\/product_tag?post=2055"}],"curies":[{"name":"wp","href":"https:\/\/api.w.org\/{rel}","templated":true}]}}