{"id":2056,"date":"2020-12-23T16:50:23","date_gmt":"2020-12-23T15:50:23","guid":{"rendered":"https:\/\/www.phyto-haircare.ch\/produit\/phytokeratine-extreme-tiefenreparierende-maske\/"},"modified":"2020-12-23T16:50:35","modified_gmt":"2020-12-23T15:50:35","slug":"phytokeratine-extreme-tiefenreparierende-maske","status":"publish","type":"product","link":"https:\/\/www.phyto-haircare.ch\/de\/produit\/phytokeratine-extreme-tiefenreparierende-maske\/","title":{"rendered":"PHYTOK\u00c9RATINE EXTR\u00caME Tiefenreparierende Maske"},"content":{"rendered":"<p>Ultra-reichhaltig, cremig und sinnlich, dringt die Maske sofort mit ihrer reparierenden und pflegenden Kraft in das Haar ein, ohne es zu beschweren.  Eine einzigartige Textur f\u00fcr ein perfektes Gleichgewicht zwischen Gro\u00dfz\u00fcgigkeit und Leichtigkeit.<\/p>\n","protected":false},"excerpt":{"rendered":"<p>Ultra-reichhaltig, cremig und sinnlich, dringt die Maske sofort mit ihrer reparierenden und pflegenden Kraft in das Haar ein, ohne es zu beschweren.  Eine einzigartige Textur f\u00fcr ein perfektes Gleichgewicht zwischen Gro\u00dfz\u00fcgigkeit und Leichtigkeit.<\/p>\n","protected":false},"featured_media":1909,"template":"","meta":{"_acf_changed":false},"product_brand":[],"product_cat":[102],"product_tag":[],"class_list":{"0":"post-2056","1":"product","2":"type-product","3":"status-publish","4":"has-post-thumbnail","6":"product_cat-schoenheitspflege","7":"tax_need-reparatur","8":"tax_hair_type-geschaedigte-und-sproede-haare","9":"tax_product_type-nach-der-haarwaesche-und-masken","11":"first","12":"instock","13":"product-type-simple"},"acf":[],"yoast_head":"<!-- This site is optimized with the Yoast SEO plugin v25.6 - https:\/\/yoast.com\/wordpress\/plugins\/seo\/ -->\n<title>PHYTOK\u00c9RATINE EXTR\u00caME Tiefenreparierende Maske - Phyto<\/title>\n<meta name=\"description\" content=\"Ultra-reichhaltig, cremig und sinnlich, dringt die Maske sofort mit ihrer reparierenden und pflegenden Kraft in das Haar ein, ohne es zu beschweren. Eine ...\" \/>\n<meta name=\"robots\" content=\"index, follow, max-snippet:-1, max-image-preview:large, max-video-preview:-1\" \/>\n<link rel=\"canonical\" href=\"https:\/\/www.phyto-haircare.ch\/de\/produit\/phytokeratine-extreme-tiefenreparierende-maske\/\" \/>\n<meta property=\"og:locale\" content=\"de_DE\" \/>\n<meta property=\"og:type\" content=\"article\" \/>\n<meta property=\"og:title\" content=\"PHYTOK\u00c9RATINE EXTR\u00caME Tiefenreparierende Maske - Phyto\" \/>\n<meta property=\"og:description\" content=\"Ultra-reichhaltig, cremig und sinnlich, dringt die Maske sofort mit ihrer reparierenden und pflegenden Kraft in das Haar ein, ohne es zu beschweren. Eine ...\" \/>\n<meta property=\"og:url\" content=\"https:\/\/www.phyto-haircare.ch\/de\/produit\/phytokeratine-extreme-tiefenreparierende-maske\/\" \/>\n<meta property=\"og:site_name\" content=\"Phyto\" \/>\n<meta property=\"article:modified_time\" content=\"2020-12-23T15:50:35+00:00\" \/>\n<meta property=\"og:image\" content=\"https:\/\/www.phyto-haircare.ch\/wp-content\/uploads\/2020\/12\/5f5214efe77ba_PHYTOKERATINEEXTREME_MASQUE_D_EXCEPTION_SR.jpg\" \/>\n\t<meta property=\"og:image:width\" content=\"1024\" \/>\n\t<meta property=\"og:image:height\" content=\"1024\" \/>\n\t<meta property=\"og:image:type\" content=\"image\/jpeg\" \/>\n<meta name=\"twitter:card\" content=\"summary_large_image\" \/>\n<script type=\"application\/ld+json\" class=\"yoast-schema-graph\">{\"@context\":\"https:\/\/schema.org\",\"@graph\":[{\"@type\":\"WebPage\",\"@id\":\"https:\/\/www.phyto-haircare.ch\/de\/produit\/phytokeratine-extreme-tiefenreparierende-maske\/\",\"url\":\"https:\/\/www.phyto-haircare.ch\/de\/produit\/phytokeratine-extreme-tiefenreparierende-maske\/\",\"name\":\"PHYTOK\u00c9RATINE EXTR\u00caME Tiefenreparierende Maske - Phyto\",\"isPartOf\":{\"@id\":\"https:\/\/www.phyto-haircare.ch\/#website\"},\"primaryImageOfPage\":{\"@id\":\"https:\/\/www.phyto-haircare.ch\/de\/produit\/phytokeratine-extreme-tiefenreparierende-maske\/#primaryimage\"},\"image\":{\"@id\":\"https:\/\/www.phyto-haircare.ch\/de\/produit\/phytokeratine-extreme-tiefenreparierende-maske\/#primaryimage\"},\"thumbnailUrl\":\"https:\/\/www.phyto-haircare.ch\/wp-content\/uploads\/2020\/12\/5f5214efe77ba_PHYTOKERATINEEXTREME_MASQUE_D_EXCEPTION_SR.jpg\",\"datePublished\":\"2020-12-23T15:50:23+00:00\",\"dateModified\":\"2020-12-23T15:50:35+00:00\",\"description\":\"Ultra-reichhaltig, cremig und sinnlich, dringt die Maske sofort mit ihrer reparierenden und pflegenden Kraft in das Haar ein, ohne es zu beschweren. Eine ...\",\"breadcrumb\":{\"@id\":\"https:\/\/www.phyto-haircare.ch\/de\/produit\/phytokeratine-extreme-tiefenreparierende-maske\/#breadcrumb\"},\"inLanguage\":\"de\",\"potentialAction\":[{\"@type\":\"ReadAction\",\"target\":[\"https:\/\/www.phyto-haircare.ch\/de\/produit\/phytokeratine-extreme-tiefenreparierende-maske\/\"]}]},{\"@type\":\"ImageObject\",\"inLanguage\":\"de\",\"@id\":\"https:\/\/www.phyto-haircare.ch\/de\/produit\/phytokeratine-extreme-tiefenreparierende-maske\/#primaryimage\",\"url\":\"https:\/\/www.phyto-haircare.ch\/wp-content\/uploads\/2020\/12\/5f5214efe77ba_PHYTOKERATINEEXTREME_MASQUE_D_EXCEPTION_SR.jpg\",\"contentUrl\":\"https:\/\/www.phyto-haircare.ch\/wp-content\/uploads\/2020\/12\/5f5214efe77ba_PHYTOKERATINEEXTREME_MASQUE_D_EXCEPTION_SR.jpg\",\"width\":1024,\"height\":1024},{\"@type\":\"BreadcrumbList\",\"@id\":\"https:\/\/www.phyto-haircare.ch\/de\/produit\/phytokeratine-extreme-tiefenreparierende-maske\/#breadcrumb\",\"itemListElement\":[{\"@type\":\"ListItem\",\"position\":1,\"name\":\"Accueil\",\"item\":\"https:\/\/www.phyto-haircare.ch\/de\/\"},{\"@type\":\"ListItem\",\"position\":2,\"name\":\"PHYTOK\u00c9RATINE EXTR\u00caME Tiefenreparierende Maske\"}]},{\"@type\":\"WebSite\",\"@id\":\"https:\/\/www.phyto-haircare.ch\/#website\",\"url\":\"https:\/\/www.phyto-haircare.ch\/\",\"name\":\"Phyto\",\"description\":\"La puissance v\u00e9g\u00e9tale\",\"potentialAction\":[{\"@type\":\"SearchAction\",\"target\":{\"@type\":\"EntryPoint\",\"urlTemplate\":\"https:\/\/www.phyto-haircare.ch\/?s={search_term_string}\"},\"query-input\":{\"@type\":\"PropertyValueSpecification\",\"valueRequired\":true,\"valueName\":\"search_term_string\"}}],\"inLanguage\":\"de\"}]}<\/script>\n<!-- \/ Yoast SEO plugin. -->","yoast_head_json":{"title":"PHYTOK\u00c9RATINE EXTR\u00caME Tiefenreparierende Maske - Phyto","description":"Ultra-reichhaltig, cremig und sinnlich, dringt die Maske sofort mit ihrer reparierenden und pflegenden Kraft in das Haar ein, ohne es zu beschweren. Eine ...","robots":{"index":"index","follow":"follow","max-snippet":"max-snippet:-1","max-image-preview":"max-image-preview:large","max-video-preview":"max-video-preview:-1"},"canonical":"https:\/\/www.phyto-haircare.ch\/de\/produit\/phytokeratine-extreme-tiefenreparierende-maske\/","og_locale":"de_DE","og_type":"article","og_title":"PHYTOK\u00c9RATINE EXTR\u00caME Tiefenreparierende Maske - Phyto","og_description":"Ultra-reichhaltig, cremig und sinnlich, dringt die Maske sofort mit ihrer reparierenden und pflegenden Kraft in das Haar ein, ohne es zu beschweren. Eine ...","og_url":"https:\/\/www.phyto-haircare.ch\/de\/produit\/phytokeratine-extreme-tiefenreparierende-maske\/","og_site_name":"Phyto","article_modified_time":"2020-12-23T15:50:35+00:00","og_image":[{"width":1024,"height":1024,"url":"https:\/\/www.phyto-haircare.ch\/wp-content\/uploads\/2020\/12\/5f5214efe77ba_PHYTOKERATINEEXTREME_MASQUE_D_EXCEPTION_SR.jpg","type":"image\/jpeg"}],"twitter_card":"summary_large_image","schema":{"@context":"https:\/\/schema.org","@graph":[{"@type":"WebPage","@id":"https:\/\/www.phyto-haircare.ch\/de\/produit\/phytokeratine-extreme-tiefenreparierende-maske\/","url":"https:\/\/www.phyto-haircare.ch\/de\/produit\/phytokeratine-extreme-tiefenreparierende-maske\/","name":"PHYTOK\u00c9RATINE EXTR\u00caME Tiefenreparierende Maske - Phyto","isPartOf":{"@id":"https:\/\/www.phyto-haircare.ch\/#website"},"primaryImageOfPage":{"@id":"https:\/\/www.phyto-haircare.ch\/de\/produit\/phytokeratine-extreme-tiefenreparierende-maske\/#primaryimage"},"image":{"@id":"https:\/\/www.phyto-haircare.ch\/de\/produit\/phytokeratine-extreme-tiefenreparierende-maske\/#primaryimage"},"thumbnailUrl":"https:\/\/www.phyto-haircare.ch\/wp-content\/uploads\/2020\/12\/5f5214efe77ba_PHYTOKERATINEEXTREME_MASQUE_D_EXCEPTION_SR.jpg","datePublished":"2020-12-23T15:50:23+00:00","dateModified":"2020-12-23T15:50:35+00:00","description":"Ultra-reichhaltig, cremig und sinnlich, dringt die Maske sofort mit ihrer reparierenden und pflegenden Kraft in das Haar ein, ohne es zu beschweren. Eine ...","breadcrumb":{"@id":"https:\/\/www.phyto-haircare.ch\/de\/produit\/phytokeratine-extreme-tiefenreparierende-maske\/#breadcrumb"},"inLanguage":"de","potentialAction":[{"@type":"ReadAction","target":["https:\/\/www.phyto-haircare.ch\/de\/produit\/phytokeratine-extreme-tiefenreparierende-maske\/"]}]},{"@type":"ImageObject","inLanguage":"de","@id":"https:\/\/www.phyto-haircare.ch\/de\/produit\/phytokeratine-extreme-tiefenreparierende-maske\/#primaryimage","url":"https:\/\/www.phyto-haircare.ch\/wp-content\/uploads\/2020\/12\/5f5214efe77ba_PHYTOKERATINEEXTREME_MASQUE_D_EXCEPTION_SR.jpg","contentUrl":"https:\/\/www.phyto-haircare.ch\/wp-content\/uploads\/2020\/12\/5f5214efe77ba_PHYTOKERATINEEXTREME_MASQUE_D_EXCEPTION_SR.jpg","width":1024,"height":1024},{"@type":"BreadcrumbList","@id":"https:\/\/www.phyto-haircare.ch\/de\/produit\/phytokeratine-extreme-tiefenreparierende-maske\/#breadcrumb","itemListElement":[{"@type":"ListItem","position":1,"name":"Accueil","item":"https:\/\/www.phyto-haircare.ch\/de\/"},{"@type":"ListItem","position":2,"name":"PHYTOK\u00c9RATINE EXTR\u00caME Tiefenreparierende Maske"}]},{"@type":"WebSite","@id":"https:\/\/www.phyto-haircare.ch\/#website","url":"https:\/\/www.phyto-haircare.ch\/","name":"Phyto","description":"La puissance v\u00e9g\u00e9tale","potentialAction":[{"@type":"SearchAction","target":{"@type":"EntryPoint","urlTemplate":"https:\/\/www.phyto-haircare.ch\/?s={search_term_string}"},"query-input":{"@type":"PropertyValueSpecification","valueRequired":true,"valueName":"search_term_string"}}],"inLanguage":"de"}]}},"_links":{"self":[{"href":"https:\/\/www.phyto-haircare.ch\/de\/wp-json\/wp\/v2\/product\/2056"}],"collection":[{"href":"https:\/\/www.phyto-haircare.ch\/de\/wp-json\/wp\/v2\/product"}],"about":[{"href":"https:\/\/www.phyto-haircare.ch\/de\/wp-json\/wp\/v2\/types\/product"}],"wp:featuredmedia":[{"embeddable":true,"href":"https:\/\/www.phyto-haircare.ch\/de\/wp-json\/wp\/v2\/media\/1909"}],"wp:attachment":[{"href":"https:\/\/www.phyto-haircare.ch\/de\/wp-json\/wp\/v2\/media?parent=2056"}],"wp:term":[{"taxonomy":"product_brand","embeddable":true,"href":"https:\/\/www.phyto-haircare.ch\/de\/wp-json\/wp\/v2\/product_brand?post=2056"},{"taxonomy":"product_cat","embeddable":true,"href":"https:\/\/www.phyto-haircare.ch\/de\/wp-json\/wp\/v2\/product_cat?post=2056"},{"taxonomy":"product_tag","embeddable":true,"href":"https:\/\/www.phyto-haircare.ch\/de\/wp-json\/wp\/v2\/product_tag?post=2056"}],"curies":[{"name":"wp","href":"https:\/\/api.w.org\/{rel}","templated":true}]}}