{"id":2098,"date":"2021-03-04T14:09:52","date_gmt":"2021-03-04T13:09:52","guid":{"rendered":"https:\/\/www.phyto-haircare.ch\/produit\/phytophanere-complement-alimentaire-force-croissance-volume\/"},"modified":"2024-05-13T09:41:22","modified_gmt":"2024-05-13T07:41:22","slug":"phytophanere-complement-alimentaire-force-croissance-volume","status":"publish","type":"product","link":"https:\/\/www.phyto-haircare.ch\/de\/produit\/phytophanere-complement-alimentaire-force-croissance-volume\/","title":{"rendered":"Phytophan\u00e8re Nahrungserg\u00e4nzungsmittel Haare und N\u00e4gel"},"content":{"rendered":"<p>PHYTOPHAN\u00c8RE ist ein Nahrungserg\u00e4nzungsmittel formuliert mit Aktivstoffen f\u00fcr Haare und N\u00e4gel. Es kr\u00e4ftigt und regt das Wachstum von Haaren und N\u00e4geln an. Die Haare gewinnen an Kraft und F\u00fclle. Die N\u00e4gel werden widerstandsf\u00e4higer.<\/p>\n","protected":false},"excerpt":{"rendered":"<p>PHYTOPHAN\u00c8RE ist ein Nahrungserg\u00e4nzungsmittel formuliert mit Aktivstoffen f\u00fcr Haare und N\u00e4gel. Es kr\u00e4ftigt und regt das Wachstum von Haaren und N\u00e4geln an. Die Haare gewinnen an Kraft und F\u00fclle. Die N\u00e4gel werden widerstandsf\u00e4higer.<\/p>\n","protected":false},"featured_media":5135,"template":"","meta":{"_acf_changed":false},"product_brand":[],"product_cat":[99],"product_tag":[],"class_list":{"0":"post-2098","1":"product","2":"type-product","3":"status-publish","4":"has-post-thumbnail","6":"product_cat-nicht-nobel","7":"tax_need-antichute-de","8":"tax_need-produits-cultes-de","9":"tax_need-soins-traitants-de","10":"tax_hair_type-tous-cheveux-de","11":"tax_product_type-complement-alimentaire-de","13":"first","14":"instock","15":"shipping-taxable","16":"product-type-simple"},"acf":[],"yoast_head":"<!-- This site is optimized with the Yoast SEO plugin v25.6 - https:\/\/yoast.com\/wordpress\/plugins\/seo\/ -->\n<title>Phytophan\u00e8re Nahrungserg\u00e4nzungsmittel Haare und N\u00e4gel - Phyto<\/title>\n<meta name=\"description\" content=\"PHYTOPHAN\u00c8RE ist ein Nahrungserg\u00e4nzungsmittel formuliert mit Aktivstoffen f\u00fcr Haare und N\u00e4gel. Es kr\u00e4ftigt und regt das Wachstum von Haaren und N\u00e4geln ...\" \/>\n<meta name=\"robots\" content=\"index, follow, max-snippet:-1, max-image-preview:large, max-video-preview:-1\" \/>\n<link rel=\"canonical\" href=\"https:\/\/www.phyto-haircare.ch\/de\/produit\/phytophanere-complement-alimentaire-force-croissance-volume\/\" \/>\n<meta property=\"og:locale\" content=\"de_DE\" \/>\n<meta property=\"og:type\" content=\"article\" \/>\n<meta property=\"og:title\" content=\"Phytophan\u00e8re Nahrungserg\u00e4nzungsmittel Haare und N\u00e4gel - Phyto\" \/>\n<meta property=\"og:description\" content=\"PHYTOPHAN\u00c8RE ist ein Nahrungserg\u00e4nzungsmittel formuliert mit Aktivstoffen f\u00fcr Haare und N\u00e4gel. Es kr\u00e4ftigt und regt das Wachstum von Haaren und N\u00e4geln ...\" \/>\n<meta property=\"og:url\" content=\"https:\/\/www.phyto-haircare.ch\/de\/produit\/phytophanere-complement-alimentaire-force-croissance-volume\/\" \/>\n<meta property=\"og:site_name\" content=\"Phyto\" \/>\n<meta property=\"article:modified_time\" content=\"2024-05-13T07:41:22+00:00\" \/>\n<meta property=\"og:image\" content=\"https:\/\/www.phyto-haircare.ch\/wp-content\/uploads\/2021\/03\/Phyto_Phanere_Flacon_DE_REVU-copie-1-scaled.jpg\" \/>\n\t<meta property=\"og:image:width\" content=\"1920\" \/>\n\t<meta property=\"og:image:height\" content=\"2560\" \/>\n\t<meta property=\"og:image:type\" content=\"image\/jpeg\" \/>\n<meta name=\"twitter:card\" content=\"summary_large_image\" \/>\n<script type=\"application\/ld+json\" class=\"yoast-schema-graph\">{\"@context\":\"https:\/\/schema.org\",\"@graph\":[{\"@type\":\"WebPage\",\"@id\":\"https:\/\/www.phyto-haircare.ch\/de\/produit\/phytophanere-complement-alimentaire-force-croissance-volume\/\",\"url\":\"https:\/\/www.phyto-haircare.ch\/de\/produit\/phytophanere-complement-alimentaire-force-croissance-volume\/\",\"name\":\"Phytophan\u00e8re Nahrungserg\u00e4nzungsmittel Haare und N\u00e4gel - Phyto\",\"isPartOf\":{\"@id\":\"https:\/\/www.phyto-haircare.ch\/#website\"},\"primaryImageOfPage\":{\"@id\":\"https:\/\/www.phyto-haircare.ch\/de\/produit\/phytophanere-complement-alimentaire-force-croissance-volume\/#primaryimage\"},\"image\":{\"@id\":\"https:\/\/www.phyto-haircare.ch\/de\/produit\/phytophanere-complement-alimentaire-force-croissance-volume\/#primaryimage\"},\"thumbnailUrl\":\"https:\/\/www.phyto-haircare.ch\/wp-content\/uploads\/2021\/03\/Phyto_Phanere_Flacon_DE_REVU-copie-1-scaled.jpg\",\"datePublished\":\"2021-03-04T13:09:52+00:00\",\"dateModified\":\"2024-05-13T07:41:22+00:00\",\"description\":\"PHYTOPHAN\u00c8RE ist ein Nahrungserg\u00e4nzungsmittel formuliert mit Aktivstoffen f\u00fcr Haare und N\u00e4gel. Es kr\u00e4ftigt und regt das Wachstum von Haaren und N\u00e4geln ...\",\"breadcrumb\":{\"@id\":\"https:\/\/www.phyto-haircare.ch\/de\/produit\/phytophanere-complement-alimentaire-force-croissance-volume\/#breadcrumb\"},\"inLanguage\":\"de\",\"potentialAction\":[{\"@type\":\"ReadAction\",\"target\":[\"https:\/\/www.phyto-haircare.ch\/de\/produit\/phytophanere-complement-alimentaire-force-croissance-volume\/\"]}]},{\"@type\":\"ImageObject\",\"inLanguage\":\"de\",\"@id\":\"https:\/\/www.phyto-haircare.ch\/de\/produit\/phytophanere-complement-alimentaire-force-croissance-volume\/#primaryimage\",\"url\":\"https:\/\/www.phyto-haircare.ch\/wp-content\/uploads\/2021\/03\/Phyto_Phanere_Flacon_DE_REVU-copie-1-scaled.jpg\",\"contentUrl\":\"https:\/\/www.phyto-haircare.ch\/wp-content\/uploads\/2021\/03\/Phyto_Phanere_Flacon_DE_REVU-copie-1-scaled.jpg\",\"width\":1920,\"height\":2560},{\"@type\":\"BreadcrumbList\",\"@id\":\"https:\/\/www.phyto-haircare.ch\/de\/produit\/phytophanere-complement-alimentaire-force-croissance-volume\/#breadcrumb\",\"itemListElement\":[{\"@type\":\"ListItem\",\"position\":1,\"name\":\"Accueil\",\"item\":\"https:\/\/www.phyto-haircare.ch\/de\/\"},{\"@type\":\"ListItem\",\"position\":2,\"name\":\"Phytophan\u00e8re Nahrungserg\u00e4nzungsmittel Haare und N\u00e4gel\"}]},{\"@type\":\"WebSite\",\"@id\":\"https:\/\/www.phyto-haircare.ch\/#website\",\"url\":\"https:\/\/www.phyto-haircare.ch\/\",\"name\":\"Phyto\",\"description\":\"La puissance v\u00e9g\u00e9tale\",\"potentialAction\":[{\"@type\":\"SearchAction\",\"target\":{\"@type\":\"EntryPoint\",\"urlTemplate\":\"https:\/\/www.phyto-haircare.ch\/?s={search_term_string}\"},\"query-input\":{\"@type\":\"PropertyValueSpecification\",\"valueRequired\":true,\"valueName\":\"search_term_string\"}}],\"inLanguage\":\"de\"}]}<\/script>\n<!-- \/ Yoast SEO plugin. -->","yoast_head_json":{"title":"Phytophan\u00e8re Nahrungserg\u00e4nzungsmittel Haare und N\u00e4gel - Phyto","description":"PHYTOPHAN\u00c8RE ist ein Nahrungserg\u00e4nzungsmittel formuliert mit Aktivstoffen f\u00fcr Haare und N\u00e4gel. Es kr\u00e4ftigt und regt das Wachstum von Haaren und N\u00e4geln ...","robots":{"index":"index","follow":"follow","max-snippet":"max-snippet:-1","max-image-preview":"max-image-preview:large","max-video-preview":"max-video-preview:-1"},"canonical":"https:\/\/www.phyto-haircare.ch\/de\/produit\/phytophanere-complement-alimentaire-force-croissance-volume\/","og_locale":"de_DE","og_type":"article","og_title":"Phytophan\u00e8re Nahrungserg\u00e4nzungsmittel Haare und N\u00e4gel - Phyto","og_description":"PHYTOPHAN\u00c8RE ist ein Nahrungserg\u00e4nzungsmittel formuliert mit Aktivstoffen f\u00fcr Haare und N\u00e4gel. Es kr\u00e4ftigt und regt das Wachstum von Haaren und N\u00e4geln ...","og_url":"https:\/\/www.phyto-haircare.ch\/de\/produit\/phytophanere-complement-alimentaire-force-croissance-volume\/","og_site_name":"Phyto","article_modified_time":"2024-05-13T07:41:22+00:00","og_image":[{"width":1920,"height":2560,"url":"https:\/\/www.phyto-haircare.ch\/wp-content\/uploads\/2021\/03\/Phyto_Phanere_Flacon_DE_REVU-copie-1-scaled.jpg","type":"image\/jpeg"}],"twitter_card":"summary_large_image","schema":{"@context":"https:\/\/schema.org","@graph":[{"@type":"WebPage","@id":"https:\/\/www.phyto-haircare.ch\/de\/produit\/phytophanere-complement-alimentaire-force-croissance-volume\/","url":"https:\/\/www.phyto-haircare.ch\/de\/produit\/phytophanere-complement-alimentaire-force-croissance-volume\/","name":"Phytophan\u00e8re Nahrungserg\u00e4nzungsmittel Haare und N\u00e4gel - Phyto","isPartOf":{"@id":"https:\/\/www.phyto-haircare.ch\/#website"},"primaryImageOfPage":{"@id":"https:\/\/www.phyto-haircare.ch\/de\/produit\/phytophanere-complement-alimentaire-force-croissance-volume\/#primaryimage"},"image":{"@id":"https:\/\/www.phyto-haircare.ch\/de\/produit\/phytophanere-complement-alimentaire-force-croissance-volume\/#primaryimage"},"thumbnailUrl":"https:\/\/www.phyto-haircare.ch\/wp-content\/uploads\/2021\/03\/Phyto_Phanere_Flacon_DE_REVU-copie-1-scaled.jpg","datePublished":"2021-03-04T13:09:52+00:00","dateModified":"2024-05-13T07:41:22+00:00","description":"PHYTOPHAN\u00c8RE ist ein Nahrungserg\u00e4nzungsmittel formuliert mit Aktivstoffen f\u00fcr Haare und N\u00e4gel. Es kr\u00e4ftigt und regt das Wachstum von Haaren und N\u00e4geln ...","breadcrumb":{"@id":"https:\/\/www.phyto-haircare.ch\/de\/produit\/phytophanere-complement-alimentaire-force-croissance-volume\/#breadcrumb"},"inLanguage":"de","potentialAction":[{"@type":"ReadAction","target":["https:\/\/www.phyto-haircare.ch\/de\/produit\/phytophanere-complement-alimentaire-force-croissance-volume\/"]}]},{"@type":"ImageObject","inLanguage":"de","@id":"https:\/\/www.phyto-haircare.ch\/de\/produit\/phytophanere-complement-alimentaire-force-croissance-volume\/#primaryimage","url":"https:\/\/www.phyto-haircare.ch\/wp-content\/uploads\/2021\/03\/Phyto_Phanere_Flacon_DE_REVU-copie-1-scaled.jpg","contentUrl":"https:\/\/www.phyto-haircare.ch\/wp-content\/uploads\/2021\/03\/Phyto_Phanere_Flacon_DE_REVU-copie-1-scaled.jpg","width":1920,"height":2560},{"@type":"BreadcrumbList","@id":"https:\/\/www.phyto-haircare.ch\/de\/produit\/phytophanere-complement-alimentaire-force-croissance-volume\/#breadcrumb","itemListElement":[{"@type":"ListItem","position":1,"name":"Accueil","item":"https:\/\/www.phyto-haircare.ch\/de\/"},{"@type":"ListItem","position":2,"name":"Phytophan\u00e8re Nahrungserg\u00e4nzungsmittel Haare und N\u00e4gel"}]},{"@type":"WebSite","@id":"https:\/\/www.phyto-haircare.ch\/#website","url":"https:\/\/www.phyto-haircare.ch\/","name":"Phyto","description":"La puissance v\u00e9g\u00e9tale","potentialAction":[{"@type":"SearchAction","target":{"@type":"EntryPoint","urlTemplate":"https:\/\/www.phyto-haircare.ch\/?s={search_term_string}"},"query-input":{"@type":"PropertyValueSpecification","valueRequired":true,"valueName":"search_term_string"}}],"inLanguage":"de"}]}},"_links":{"self":[{"href":"https:\/\/www.phyto-haircare.ch\/de\/wp-json\/wp\/v2\/product\/2098"}],"collection":[{"href":"https:\/\/www.phyto-haircare.ch\/de\/wp-json\/wp\/v2\/product"}],"about":[{"href":"https:\/\/www.phyto-haircare.ch\/de\/wp-json\/wp\/v2\/types\/product"}],"wp:featuredmedia":[{"embeddable":true,"href":"https:\/\/www.phyto-haircare.ch\/de\/wp-json\/wp\/v2\/media\/5135"}],"wp:attachment":[{"href":"https:\/\/www.phyto-haircare.ch\/de\/wp-json\/wp\/v2\/media?parent=2098"}],"wp:term":[{"taxonomy":"product_brand","embeddable":true,"href":"https:\/\/www.phyto-haircare.ch\/de\/wp-json\/wp\/v2\/product_brand?post=2098"},{"taxonomy":"product_cat","embeddable":true,"href":"https:\/\/www.phyto-haircare.ch\/de\/wp-json\/wp\/v2\/product_cat?post=2098"},{"taxonomy":"product_tag","embeddable":true,"href":"https:\/\/www.phyto-haircare.ch\/de\/wp-json\/wp\/v2\/product_tag?post=2098"}],"curies":[{"name":"wp","href":"https:\/\/api.w.org\/{rel}","templated":true}]}}